{"id":53,"date":"2012-06-22T11:46:46","date_gmt":"2012-06-22T11:46:46","guid":{"rendered":"http:\/\/tc-hofbieber.de\/?page_id=53"},"modified":"2026-02-21T23:35:34","modified_gmt":"2026-02-21T22:35:34","slug":"werde-mitglied","status":"publish","type":"page","link":"https:\/\/tc-hofbieber.de\/index.php\/werde-mitglied\/","title":{"rendered":"Werde Mitglied"},"content":{"rendered":"\n<h2 class=\"wp-block-heading\">Werde Mitglied bei uns !<\/h2>\n\n\n<p style=\"text-align: left;\" align=\"center\"><strong>Wer Freude am Tennissport hat \u2013 ob Anf\u00e4nger, Fortgeschrittener oder einfach als interessiertes, passives Mitglied \u2013 ist bei uns herzlich willkommen!<\/strong><\/p>\n<p style=\"text-align: left;\" align=\"center\">Ganz gleich, ob Sie das Tennisspielen neu erlernen m\u00f6chten, bereits aktiv spielen oder einfach Teil einer lebendigen Gemeinschaft sein wollen: Wir freuen uns \u00fcber jedes neue Mitglied.<\/p>\n<p>Aktuell ist der Vereinsbeitritt \u2013 anders als bei vielen anderen Clubs \u2013 ohne Aufnahmegeb\u00fchr m\u00f6glich.<\/p>\n<p style=\"text-align: left;\">Die Jahresbeitr\u00e4ge gestalten sich wie folgt:<\/p>\n<ul>\n<li>Erwachsene =&gt; 80,- EUR<\/li>\n<li>Kinder\/Jugendliche =&gt; 40,- EUR<\/li>\n<li>Passive Mitglieder =&gt; 30,- EUR<\/li>\n<\/ul>\n<p style=\"text-align: left;\">Arbeitsstunden und Mitgliedschaftsoptionen<\/p>\n<p style=\"text-align: left;\">Aktive Mitglieder leisten j\u00e4hrlich Arbeitsstunden im Gegenwert von<\/p>\n<ul>\n<li>100,00\u202f\u20ac f\u00fcr Erwachsene<\/li>\n<li>50,00\u202f\u20ac f\u00fcr Jugendliche ab 15 Jahren<\/li>\n<\/ul>\n<p style=\"text-align: left;\">Alternativ bieten wir eine Schnupper-Mitgliedschaft an, die f\u00fcr ein Jahr von der Verpflichtung zu Arbeitsstunden befreit. Nach Ablauf dieses Jahres erfolgt automatisch die Umwandlung in eine regul\u00e4re Mitgliedschaft.<\/p>\n<p style=\"text-align: left;\">Bei Fragen stehen Ihnen unsere Vorstandsmitglieder jederzeit gerne zur Verf\u00fcgung.<\/p>\n<p>Du kannst uns wie folgt erreichen:<\/p>\n\n\n<h3 class=\"wp-block-heading\">\ud83d\udce7 Kontakt per E\u2011Mail<\/h3>\n\n\n\n<p>E-Mail: <a href=\"mailto:info@tc-hofbieber.de\"><strong>info@tc-hofbieber.de<\/strong><\/a><\/p>\n\n\n\n<h3 class=\"wp-block-heading\">\ud83d\udcde Telefonischer Kontakt<\/h3>\n\n\n\n<p>Festnetz: 06657 -9182774 (Thorsten Eckstein)<\/p>\n\n\n\n<p><\/p>\n\n\n<p style=\"text-align: left;\">Wenn Sie sich bereits f\u00fcr eine Mitgliedschaft entschieden haben, f\u00fcllen Sie einfach das Beitrittsformular aus und senden Sie es uns im Original zu.<\/p>\n<p style=\"text-align: left;\">Unsere Satzung finden Sie ebenfalls hier.<\/p>\n\n\n<div class=\"wp-block-buttons is-layout-flex wp-block-buttons-is-layout-flex\">\n<div class=\"wp-block-button\"><a class=\"wp-block-button__link wp-element-button\" href=\"https:\/\/tc-hofbieber.de\/wp-content\/uploads\/2024\/03\/Betrittserklaerung_2023.pdf\">Beitrittserkl\u00e4rung<\/a><\/div>\n<\/div>\n\n\n\n<p><\/p>\n\n\n\n<div class=\"wp-block-buttons is-layout-flex wp-block-buttons-is-layout-flex\">\n<div class=\"wp-block-button\"><a class=\"wp-block-button__link wp-element-button\" href=\"https:\/\/tc-hofbieber.de\/wp-content\/uploads\/2024\/03\/Satzung-TCH-2022.pdf\">Satzung<\/a><\/div>\n<\/div>\n\n\n\n<p><\/p>\n\n\n\n<p><\/p>\n","protected":false},"excerpt":{"rendered":"<p>Werde Mitglied bei uns ! Wer Freude am Tennissport hat \u2013 ob Anf\u00e4nger, Fortgeschrittener oder einfach als interessiertes, passives Mitglied \u2013 ist bei uns herzlich willkommen! Ganz gleich, ob Sie das Tennisspielen neu erlernen m\u00f6chten, bereits aktiv spielen oder einfach Teil einer lebendigen Gemeinschaft sein wollen: Wir freuen uns \u00fcber jedes neue Mitglied. Aktuell ist &hellip; <\/p>\n<p class=\"link-more\"><a href=\"https:\/\/tc-hofbieber.de\/index.php\/werde-mitglied\/\" class=\"more-link\">Mehr <span class=\"screen-reader-text\">\u00fcber &#8222;Werde Mitglied&#8220; <\/span>Lesen<\/a><\/p>\n","protected":false},"author":1,"featured_media":0,"parent":0,"menu_order":0,"comment_status":"closed","ping_status":"closed","template":"","meta":{"ngg_post_thumbnail":0,"inspiro_hide_title":false,"footnotes":""},"class_list":["post-53","page","type-page","status-publish","hentry"],"yoast_head":"<!-- This site is optimized with the Yoast SEO plugin v27.4 - https:\/\/yoast.com\/product\/yoast-seo-wordpress\/ -->\r\n<title>Werde Mitglied - tc-hofbieber.de<\/title>\r\n<meta name=\"robots\" content=\"index, follow, max-snippet:-1, max-image-preview:large, max-video-preview:-1\" \/>\r\n<link rel=\"canonical\" href=\"https:\/\/tc-hofbieber.de\/index.php\/werde-mitglied\/\" \/>\r\n<meta property=\"og:locale\" content=\"de_DE\" \/>\r\n<meta property=\"og:type\" content=\"article\" \/>\r\n<meta property=\"og:title\" content=\"Werde Mitglied - tc-hofbieber.de\" \/>\r\n<meta property=\"og:description\" content=\"Werde Mitglied bei uns ! Wer Freude am Tennissport hat \u2013 ob Anf\u00e4nger, Fortgeschrittener oder einfach als interessiertes, passives Mitglied \u2013 ist bei uns herzlich willkommen! Ganz gleich, ob Sie das Tennisspielen neu erlernen m\u00f6chten, bereits aktiv spielen oder einfach Teil einer lebendigen Gemeinschaft sein wollen: Wir freuen uns \u00fcber jedes neue Mitglied. Aktuell ist &hellip; Mehr \u00fcber &quot;Werde Mitglied&quot; Lesen\" \/>\r\n<meta property=\"og:url\" content=\"https:\/\/tc-hofbieber.de\/index.php\/werde-mitglied\/\" \/>\r\n<meta property=\"og:site_name\" content=\"tc-hofbieber.de\" \/>\r\n<meta property=\"article:modified_time\" content=\"2026-02-21T22:35:34+00:00\" \/>\r\n<meta name=\"twitter:card\" content=\"summary_large_image\" \/>\r\n<meta name=\"twitter:label1\" content=\"Gesch\u00e4tzte Lesezeit\" \/>\n\t<meta name=\"twitter:data1\" content=\"2\u00a0Minuten\" \/>\r\n<script type=\"application\/ld+json\" class=\"yoast-schema-graph\">{\"@context\":\"https:\\\/\\\/schema.org\",\"@graph\":[{\"@type\":\"WebPage\",\"@id\":\"https:\\\/\\\/tc-hofbieber.de\\\/index.php\\\/werde-mitglied\\\/\",\"url\":\"https:\\\/\\\/tc-hofbieber.de\\\/index.php\\\/werde-mitglied\\\/\",\"name\":\"Werde Mitglied - tc-hofbieber.de\",\"isPartOf\":{\"@id\":\"https:\\\/\\\/tc-hofbieber.de\\\/#website\"},\"datePublished\":\"2012-06-22T11:46:46+00:00\",\"dateModified\":\"2026-02-21T22:35:34+00:00\",\"breadcrumb\":{\"@id\":\"https:\\\/\\\/tc-hofbieber.de\\\/index.php\\\/werde-mitglied\\\/#breadcrumb\"},\"inLanguage\":\"de\",\"potentialAction\":[{\"@type\":\"ReadAction\",\"target\":[\"https:\\\/\\\/tc-hofbieber.de\\\/index.php\\\/werde-mitglied\\\/\"]}]},{\"@type\":\"BreadcrumbList\",\"@id\":\"https:\\\/\\\/tc-hofbieber.de\\\/index.php\\\/werde-mitglied\\\/#breadcrumb\",\"itemListElement\":[{\"@type\":\"ListItem\",\"position\":1,\"name\":\"Startseite\",\"item\":\"https:\\\/\\\/tc-hofbieber.de\\\/\"},{\"@type\":\"ListItem\",\"position\":2,\"name\":\"Werde Mitglied\"}]},{\"@type\":\"WebSite\",\"@id\":\"https:\\\/\\\/tc-hofbieber.de\\\/#website\",\"url\":\"https:\\\/\\\/tc-hofbieber.de\\\/\",\"name\":\"tc-hofbieber.de\",\"description\":\"TC Hofbieber\",\"publisher\":{\"@id\":\"https:\\\/\\\/tc-hofbieber.de\\\/#organization\"},\"potentialAction\":[{\"@type\":\"SearchAction\",\"target\":{\"@type\":\"EntryPoint\",\"urlTemplate\":\"https:\\\/\\\/tc-hofbieber.de\\\/?s={search_term_string}\"},\"query-input\":{\"@type\":\"PropertyValueSpecification\",\"valueRequired\":true,\"valueName\":\"search_term_string\"}}],\"inLanguage\":\"de\"},{\"@type\":\"Organization\",\"@id\":\"https:\\\/\\\/tc-hofbieber.de\\\/#organization\",\"name\":\"tc-hofbieber.de\",\"url\":\"https:\\\/\\\/tc-hofbieber.de\\\/\",\"logo\":{\"@type\":\"ImageObject\",\"inLanguage\":\"de\",\"@id\":\"https:\\\/\\\/tc-hofbieber.de\\\/#\\\/schema\\\/logo\\\/image\\\/\",\"url\":\"https:\\\/\\\/tc-hofbieber.de\\\/wp-content\\\/uploads\\\/2025\\\/09\\\/cropped-Vereinswappen.png\",\"contentUrl\":\"https:\\\/\\\/tc-hofbieber.de\\\/wp-content\\\/uploads\\\/2025\\\/09\\\/cropped-Vereinswappen.png\",\"width\":714,\"height\":714,\"caption\":\"tc-hofbieber.de\"},\"image\":{\"@id\":\"https:\\\/\\\/tc-hofbieber.de\\\/#\\\/schema\\\/logo\\\/image\\\/\"}}]}<\/script>\r\n<!-- \/ Yoast SEO plugin. -->","yoast_head_json":{"title":"Werde Mitglied - tc-hofbieber.de","robots":{"index":"index","follow":"follow","max-snippet":"max-snippet:-1","max-image-preview":"max-image-preview:large","max-video-preview":"max-video-preview:-1"},"canonical":"https:\/\/tc-hofbieber.de\/index.php\/werde-mitglied\/","og_locale":"de_DE","og_type":"article","og_title":"Werde Mitglied - tc-hofbieber.de","og_description":"Werde Mitglied bei uns ! Wer Freude am Tennissport hat \u2013 ob Anf\u00e4nger, Fortgeschrittener oder einfach als interessiertes, passives Mitglied \u2013 ist bei uns herzlich willkommen! Ganz gleich, ob Sie das Tennisspielen neu erlernen m\u00f6chten, bereits aktiv spielen oder einfach Teil einer lebendigen Gemeinschaft sein wollen: Wir freuen uns \u00fcber jedes neue Mitglied. Aktuell ist &hellip; Mehr \u00fcber \"Werde Mitglied\" Lesen","og_url":"https:\/\/tc-hofbieber.de\/index.php\/werde-mitglied\/","og_site_name":"tc-hofbieber.de","article_modified_time":"2026-02-21T22:35:34+00:00","twitter_card":"summary_large_image","twitter_misc":{"Gesch\u00e4tzte Lesezeit":"2\u00a0Minuten"},"schema":{"@context":"https:\/\/schema.org","@graph":[{"@type":"WebPage","@id":"https:\/\/tc-hofbieber.de\/index.php\/werde-mitglied\/","url":"https:\/\/tc-hofbieber.de\/index.php\/werde-mitglied\/","name":"Werde Mitglied - tc-hofbieber.de","isPartOf":{"@id":"https:\/\/tc-hofbieber.de\/#website"},"datePublished":"2012-06-22T11:46:46+00:00","dateModified":"2026-02-21T22:35:34+00:00","breadcrumb":{"@id":"https:\/\/tc-hofbieber.de\/index.php\/werde-mitglied\/#breadcrumb"},"inLanguage":"de","potentialAction":[{"@type":"ReadAction","target":["https:\/\/tc-hofbieber.de\/index.php\/werde-mitglied\/"]}]},{"@type":"BreadcrumbList","@id":"https:\/\/tc-hofbieber.de\/index.php\/werde-mitglied\/#breadcrumb","itemListElement":[{"@type":"ListItem","position":1,"name":"Startseite","item":"https:\/\/tc-hofbieber.de\/"},{"@type":"ListItem","position":2,"name":"Werde Mitglied"}]},{"@type":"WebSite","@id":"https:\/\/tc-hofbieber.de\/#website","url":"https:\/\/tc-hofbieber.de\/","name":"tc-hofbieber.de","description":"TC Hofbieber","publisher":{"@id":"https:\/\/tc-hofbieber.de\/#organization"},"potentialAction":[{"@type":"SearchAction","target":{"@type":"EntryPoint","urlTemplate":"https:\/\/tc-hofbieber.de\/?s={search_term_string}"},"query-input":{"@type":"PropertyValueSpecification","valueRequired":true,"valueName":"search_term_string"}}],"inLanguage":"de"},{"@type":"Organization","@id":"https:\/\/tc-hofbieber.de\/#organization","name":"tc-hofbieber.de","url":"https:\/\/tc-hofbieber.de\/","logo":{"@type":"ImageObject","inLanguage":"de","@id":"https:\/\/tc-hofbieber.de\/#\/schema\/logo\/image\/","url":"https:\/\/tc-hofbieber.de\/wp-content\/uploads\/2025\/09\/cropped-Vereinswappen.png","contentUrl":"https:\/\/tc-hofbieber.de\/wp-content\/uploads\/2025\/09\/cropped-Vereinswappen.png","width":714,"height":714,"caption":"tc-hofbieber.de"},"image":{"@id":"https:\/\/tc-hofbieber.de\/#\/schema\/logo\/image\/"}}]}},"_links":{"self":[{"href":"https:\/\/tc-hofbieber.de\/index.php\/wp-json\/wp\/v2\/pages\/53","targetHints":{"allow":["GET"]}}],"collection":[{"href":"https:\/\/tc-hofbieber.de\/index.php\/wp-json\/wp\/v2\/pages"}],"about":[{"href":"https:\/\/tc-hofbieber.de\/index.php\/wp-json\/wp\/v2\/types\/page"}],"author":[{"embeddable":true,"href":"https:\/\/tc-hofbieber.de\/index.php\/wp-json\/wp\/v2\/users\/1"}],"replies":[{"embeddable":true,"href":"https:\/\/tc-hofbieber.de\/index.php\/wp-json\/wp\/v2\/comments?post=53"}],"version-history":[{"count":0,"href":"https:\/\/tc-hofbieber.de\/index.php\/wp-json\/wp\/v2\/pages\/53\/revisions"}],"wp:attachment":[{"href":"https:\/\/tc-hofbieber.de\/index.php\/wp-json\/wp\/v2\/media?parent=53"}],"curies":[{"name":"wp","href":"https:\/\/api.w.org\/{rel}","templated":true}]}}