{"id":45,"date":"2012-06-22T11:45:11","date_gmt":"2012-06-22T11:45:11","guid":{"rendered":"http:\/\/tc-hofbieber.de\/?page_id=45"},"modified":"2025-09-27T23:01:08","modified_gmt":"2025-09-27T23:01:09","slug":"anfahrt","status":"publish","type":"page","link":"https:\/\/tc-hofbieber.de\/index.php\/anfahrt\/","title":{"rendered":"Anfahrt"},"content":{"rendered":"\n<h2 class=\"wp-block-heading\">Anfahrt<\/h2>\n\n\n\n<p><\/p>\n\n\n\n<p><strong>L3174 aus Richtung Fulda:<\/strong><\/p>\n\n\n\n<p>Aus Richtung Fulda kommend fahren sie durch Magrethenhaun und Niederbieber Richtung Hofbieber. Sie lassen die erste Einfahrt nach Hofbieber rechts liegen (VORSICHT BLITZER!) und fahren bis zur Abzweigung nach Egelmes, wo Sie rechts in das Wohngebiet Fuldablick abbiegen. An der n\u00e4chsten Abzweigung (nach ca. 15m) fahren Sie nach links in den Eibenweg (Strassenschild Richtung Tennispl\u00e4tze). Nach 100m biegen Sie links in die Strasse &#8222;Am Tennisplatz&#8220; ein. Auf der Anh\u00f6he befindet sich unsere Anlage.<\/p>\n\n\n\n<p><strong>L3174 aus Richtung Tann:<\/strong><\/p>\n\n\n\n<p>Aus Richtung Tann kommend fahren Sie am Weiershof vorbei und lassen auch die Abzweigung Richtung Barfu\u00dferlebnispfad links liegen. An der n\u00e4chsten Kreuzung fahren sie links nach Hofbieber in das Wohngebiet Fuldablick (rechts geht es nach Egelmes). An der n\u00e4chsten Abzweigung (nach ca. 15m) fahren Sie nach links in den Eibenweg (Strassenschild Richtung Tennispl\u00e4tze). Nach 100m biegen Sie links in die Strasse &#8222;Am Tennisplatz&#8220; ein. Auf der Anh\u00f6he befindet sich unsere Anlage.<\/p>\n\n\n\n<p><\/p>\n\n\n\n<div class=\"wp-block-buttons is-layout-flex wp-block-buttons-is-layout-flex\">\n<div class=\"wp-block-button\"><a class=\"wp-block-button__link wp-element-button\" href=\"http:\/\/www.google.com\/maps\">google.de\/maps<\/a><\/div>\n<\/div>\n\n\n\n<p><\/p>\n\n\n\n<p><\/p>\n\n\n\n<h2 class=\"wp-block-heading\">Anfahrtsskizze<\/h2>\n\n\n\n<p><\/p>\n\n\n\n<figure class=\"wp-block-image aligncenter is-resized is-style-default\"><a href=\"https:\/\/tc-hofbieber.de\/wp-content\/uploads\/2012\/06\/anfahrtskizze.jpg\"><img loading=\"lazy\" decoding=\"async\" width=\"640\" height=\"387\" src=\"https:\/\/tc-hofbieber.de\/wp-content\/uploads\/2012\/06\/anfahrtskizze.jpg\" alt=\"Anfahrtskizze\" class=\"wp-image-855\" style=\"aspect-ratio:16\/9;object-fit:cover;width:2000px\" srcset=\"https:\/\/tc-hofbieber.de\/wp-content\/uploads\/2012\/06\/anfahrtskizze.jpg 640w, https:\/\/tc-hofbieber.de\/wp-content\/uploads\/2012\/06\/anfahrtskizze-300x181.jpg 300w\" sizes=\"auto, (max-width: 640px) 100vw, 640px\" \/><\/a><\/figure>\n\n\n\n<p><\/p>\n","protected":false},"excerpt":{"rendered":"<p>Anfahrt L3174 aus Richtung Fulda: Aus Richtung Fulda kommend fahren sie durch Magrethenhaun und Niederbieber Richtung Hofbieber. Sie lassen die erste Einfahrt nach Hofbieber rechts liegen (VORSICHT BLITZER!) und fahren bis zur Abzweigung nach Egelmes, wo Sie rechts in das Wohngebiet Fuldablick abbiegen. An der n\u00e4chsten Abzweigung (nach ca. 15m) fahren Sie nach links in &hellip; <\/p>\n<p class=\"link-more\"><a href=\"https:\/\/tc-hofbieber.de\/index.php\/anfahrt\/\" class=\"more-link\">Mehr <span class=\"screen-reader-text\">\u00fcber &#8222;Anfahrt&#8220; <\/span>Lesen<\/a><\/p>\n","protected":false},"author":1,"featured_media":0,"parent":0,"menu_order":0,"comment_status":"closed","ping_status":"closed","template":"","meta":{"ngg_post_thumbnail":0,"footnotes":""},"class_list":["post-45","page","type-page","status-publish","hentry"],"yoast_head":"<!-- This site is optimized with the Yoast SEO plugin v27.2 - https:\/\/yoast.com\/product\/yoast-seo-wordpress\/ -->\r\n<title>Anfahrt - tc-hofbieber.de<\/title>\r\n<meta name=\"robots\" content=\"index, follow, max-snippet:-1, max-image-preview:large, max-video-preview:-1\" \/>\r\n<link rel=\"canonical\" href=\"https:\/\/tc-hofbieber.de\/index.php\/anfahrt\/\" \/>\r\n<meta property=\"og:locale\" content=\"de_DE\" \/>\r\n<meta property=\"og:type\" content=\"article\" \/>\r\n<meta property=\"og:title\" content=\"Anfahrt - tc-hofbieber.de\" \/>\r\n<meta property=\"og:description\" content=\"Anfahrt L3174 aus Richtung Fulda: Aus Richtung Fulda kommend fahren sie durch Magrethenhaun und Niederbieber Richtung Hofbieber. Sie lassen die erste Einfahrt nach Hofbieber rechts liegen (VORSICHT BLITZER!) und fahren bis zur Abzweigung nach Egelmes, wo Sie rechts in das Wohngebiet Fuldablick abbiegen. An der n\u00e4chsten Abzweigung (nach ca. 15m) fahren Sie nach links in &hellip; Mehr \u00fcber &quot;Anfahrt&quot; Lesen\" \/>\r\n<meta property=\"og:url\" content=\"https:\/\/tc-hofbieber.de\/index.php\/anfahrt\/\" \/>\r\n<meta property=\"og:site_name\" content=\"tc-hofbieber.de\" \/>\r\n<meta property=\"article:modified_time\" content=\"2025-09-27T23:01:09+00:00\" \/>\r\n<meta property=\"og:image\" content=\"http:\/\/tc-hofbieber.de\/wp-content\/uploads\/2012\/06\/anfahrtskizze.jpg\" \/>\r\n<meta name=\"twitter:card\" content=\"summary_large_image\" \/>\r\n<meta name=\"twitter:label1\" content=\"Gesch\u00e4tzte Lesezeit\" \/>\n\t<meta name=\"twitter:data1\" content=\"1\u00a0Minute\" \/>\r\n<script type=\"application\/ld+json\" class=\"yoast-schema-graph\">{\"@context\":\"https:\/\/schema.org\",\"@graph\":[{\"@type\":\"WebPage\",\"@id\":\"https:\/\/tc-hofbieber.de\/index.php\/anfahrt\/\",\"url\":\"https:\/\/tc-hofbieber.de\/index.php\/anfahrt\/\",\"name\":\"Anfahrt - tc-hofbieber.de\",\"isPartOf\":{\"@id\":\"https:\/\/tc-hofbieber.de\/#website\"},\"primaryImageOfPage\":{\"@id\":\"https:\/\/tc-hofbieber.de\/index.php\/anfahrt\/#primaryimage\"},\"image\":{\"@id\":\"https:\/\/tc-hofbieber.de\/index.php\/anfahrt\/#primaryimage\"},\"thumbnailUrl\":\"http:\/\/tc-hofbieber.de\/wp-content\/uploads\/2012\/06\/anfahrtskizze.jpg\",\"datePublished\":\"2012-06-22T11:45:11+00:00\",\"dateModified\":\"2025-09-27T23:01:09+00:00\",\"breadcrumb\":{\"@id\":\"https:\/\/tc-hofbieber.de\/index.php\/anfahrt\/#breadcrumb\"},\"inLanguage\":\"de\",\"potentialAction\":[{\"@type\":\"ReadAction\",\"target\":[\"https:\/\/tc-hofbieber.de\/index.php\/anfahrt\/\"]}]},{\"@type\":\"ImageObject\",\"inLanguage\":\"de\",\"@id\":\"https:\/\/tc-hofbieber.de\/index.php\/anfahrt\/#primaryimage\",\"url\":\"http:\/\/tc-hofbieber.de\/wp-content\/uploads\/2012\/06\/anfahrtskizze.jpg\",\"contentUrl\":\"http:\/\/tc-hofbieber.de\/wp-content\/uploads\/2012\/06\/anfahrtskizze.jpg\"},{\"@type\":\"BreadcrumbList\",\"@id\":\"https:\/\/tc-hofbieber.de\/index.php\/anfahrt\/#breadcrumb\",\"itemListElement\":[{\"@type\":\"ListItem\",\"position\":1,\"name\":\"Startseite\",\"item\":\"https:\/\/tc-hofbieber.de\/\"},{\"@type\":\"ListItem\",\"position\":2,\"name\":\"Anfahrt\"}]},{\"@type\":\"WebSite\",\"@id\":\"https:\/\/tc-hofbieber.de\/#website\",\"url\":\"https:\/\/tc-hofbieber.de\/\",\"name\":\"tc-hofbieber.de\",\"description\":\"TC Hofbieber\",\"publisher\":{\"@id\":\"https:\/\/tc-hofbieber.de\/#organization\"},\"potentialAction\":[{\"@type\":\"SearchAction\",\"target\":{\"@type\":\"EntryPoint\",\"urlTemplate\":\"https:\/\/tc-hofbieber.de\/?s={search_term_string}\"},\"query-input\":{\"@type\":\"PropertyValueSpecification\",\"valueRequired\":true,\"valueName\":\"search_term_string\"}}],\"inLanguage\":\"de\"},{\"@type\":\"Organization\",\"@id\":\"https:\/\/tc-hofbieber.de\/#organization\",\"name\":\"tc-hofbieber.de\",\"url\":\"https:\/\/tc-hofbieber.de\/\",\"logo\":{\"@type\":\"ImageObject\",\"inLanguage\":\"de\",\"@id\":\"https:\/\/tc-hofbieber.de\/#\/schema\/logo\/image\/\",\"url\":\"https:\/\/tc-hofbieber.de\/wp-content\/uploads\/2025\/09\/cropped-Vereinswappen.png\",\"contentUrl\":\"https:\/\/tc-hofbieber.de\/wp-content\/uploads\/2025\/09\/cropped-Vereinswappen.png\",\"width\":714,\"height\":714,\"caption\":\"tc-hofbieber.de\"},\"image\":{\"@id\":\"https:\/\/tc-hofbieber.de\/#\/schema\/logo\/image\/\"}}]}<\/script>\r\n<!-- \/ Yoast SEO plugin. -->","yoast_head_json":{"title":"Anfahrt - tc-hofbieber.de","robots":{"index":"index","follow":"follow","max-snippet":"max-snippet:-1","max-image-preview":"max-image-preview:large","max-video-preview":"max-video-preview:-1"},"canonical":"https:\/\/tc-hofbieber.de\/index.php\/anfahrt\/","og_locale":"de_DE","og_type":"article","og_title":"Anfahrt - tc-hofbieber.de","og_description":"Anfahrt L3174 aus Richtung Fulda: Aus Richtung Fulda kommend fahren sie durch Magrethenhaun und Niederbieber Richtung Hofbieber. Sie lassen die erste Einfahrt nach Hofbieber rechts liegen (VORSICHT BLITZER!) und fahren bis zur Abzweigung nach Egelmes, wo Sie rechts in das Wohngebiet Fuldablick abbiegen. An der n\u00e4chsten Abzweigung (nach ca. 15m) fahren Sie nach links in &hellip; Mehr \u00fcber \"Anfahrt\" Lesen","og_url":"https:\/\/tc-hofbieber.de\/index.php\/anfahrt\/","og_site_name":"tc-hofbieber.de","article_modified_time":"2025-09-27T23:01:09+00:00","og_image":[{"url":"http:\/\/tc-hofbieber.de\/wp-content\/uploads\/2012\/06\/anfahrtskizze.jpg","type":"","width":"","height":""}],"twitter_card":"summary_large_image","twitter_misc":{"Gesch\u00e4tzte Lesezeit":"1\u00a0Minute"},"schema":{"@context":"https:\/\/schema.org","@graph":[{"@type":"WebPage","@id":"https:\/\/tc-hofbieber.de\/index.php\/anfahrt\/","url":"https:\/\/tc-hofbieber.de\/index.php\/anfahrt\/","name":"Anfahrt - tc-hofbieber.de","isPartOf":{"@id":"https:\/\/tc-hofbieber.de\/#website"},"primaryImageOfPage":{"@id":"https:\/\/tc-hofbieber.de\/index.php\/anfahrt\/#primaryimage"},"image":{"@id":"https:\/\/tc-hofbieber.de\/index.php\/anfahrt\/#primaryimage"},"thumbnailUrl":"http:\/\/tc-hofbieber.de\/wp-content\/uploads\/2012\/06\/anfahrtskizze.jpg","datePublished":"2012-06-22T11:45:11+00:00","dateModified":"2025-09-27T23:01:09+00:00","breadcrumb":{"@id":"https:\/\/tc-hofbieber.de\/index.php\/anfahrt\/#breadcrumb"},"inLanguage":"de","potentialAction":[{"@type":"ReadAction","target":["https:\/\/tc-hofbieber.de\/index.php\/anfahrt\/"]}]},{"@type":"ImageObject","inLanguage":"de","@id":"https:\/\/tc-hofbieber.de\/index.php\/anfahrt\/#primaryimage","url":"http:\/\/tc-hofbieber.de\/wp-content\/uploads\/2012\/06\/anfahrtskizze.jpg","contentUrl":"http:\/\/tc-hofbieber.de\/wp-content\/uploads\/2012\/06\/anfahrtskizze.jpg"},{"@type":"BreadcrumbList","@id":"https:\/\/tc-hofbieber.de\/index.php\/anfahrt\/#breadcrumb","itemListElement":[{"@type":"ListItem","position":1,"name":"Startseite","item":"https:\/\/tc-hofbieber.de\/"},{"@type":"ListItem","position":2,"name":"Anfahrt"}]},{"@type":"WebSite","@id":"https:\/\/tc-hofbieber.de\/#website","url":"https:\/\/tc-hofbieber.de\/","name":"tc-hofbieber.de","description":"TC Hofbieber","publisher":{"@id":"https:\/\/tc-hofbieber.de\/#organization"},"potentialAction":[{"@type":"SearchAction","target":{"@type":"EntryPoint","urlTemplate":"https:\/\/tc-hofbieber.de\/?s={search_term_string}"},"query-input":{"@type":"PropertyValueSpecification","valueRequired":true,"valueName":"search_term_string"}}],"inLanguage":"de"},{"@type":"Organization","@id":"https:\/\/tc-hofbieber.de\/#organization","name":"tc-hofbieber.de","url":"https:\/\/tc-hofbieber.de\/","logo":{"@type":"ImageObject","inLanguage":"de","@id":"https:\/\/tc-hofbieber.de\/#\/schema\/logo\/image\/","url":"https:\/\/tc-hofbieber.de\/wp-content\/uploads\/2025\/09\/cropped-Vereinswappen.png","contentUrl":"https:\/\/tc-hofbieber.de\/wp-content\/uploads\/2025\/09\/cropped-Vereinswappen.png","width":714,"height":714,"caption":"tc-hofbieber.de"},"image":{"@id":"https:\/\/tc-hofbieber.de\/#\/schema\/logo\/image\/"}}]}},"_links":{"self":[{"href":"https:\/\/tc-hofbieber.de\/index.php\/wp-json\/wp\/v2\/pages\/45","targetHints":{"allow":["GET"]}}],"collection":[{"href":"https:\/\/tc-hofbieber.de\/index.php\/wp-json\/wp\/v2\/pages"}],"about":[{"href":"https:\/\/tc-hofbieber.de\/index.php\/wp-json\/wp\/v2\/types\/page"}],"author":[{"embeddable":true,"href":"https:\/\/tc-hofbieber.de\/index.php\/wp-json\/wp\/v2\/users\/1"}],"replies":[{"embeddable":true,"href":"https:\/\/tc-hofbieber.de\/index.php\/wp-json\/wp\/v2\/comments?post=45"}],"version-history":[{"count":0,"href":"https:\/\/tc-hofbieber.de\/index.php\/wp-json\/wp\/v2\/pages\/45\/revisions"}],"wp:attachment":[{"href":"https:\/\/tc-hofbieber.de\/index.php\/wp-json\/wp\/v2\/media?parent=45"}],"curies":[{"name":"wp","href":"https:\/\/api.w.org\/{rel}","templated":true}]}}