{"id":2250,"date":"2026-04-18T23:54:17","date_gmt":"2026-04-18T22:54:17","guid":{"rendered":"https:\/\/tc-hofbieber.de\/?page_id=2250"},"modified":"2026-04-18T23:54:26","modified_gmt":"2026-04-18T22:54:26","slug":"unser-infokanal","status":"publish","type":"page","link":"https:\/\/tc-hofbieber.de\/index.php\/unser-infokanal\/","title":{"rendered":"Unser Infokanal"},"content":{"rendered":"\n<p>Der Verein informiert regelm\u00e4\u00dfig \u00fcber aktuelle Termine, Veranstaltungen und wichtige Neuigkeiten auch \u00fcber einen eigenen Infokanal via Whatsapp. So bleiben Mitglieder und Interessierte jederzeit auf dem Laufenden. <\/p>\n\n\n\n<p>Die Anmeldung ist kostenlos und unverbindlich \u2013 <strong>einfach den QR\u2011Code scannen und schon bist du dabei!<\/strong><\/p>\n\n\n\n<figure class=\"wp-block-image size-full\"><a href=\"https:\/\/tc-hofbieber.de\/wp-content\/uploads\/2026\/04\/image-6.png\"><img loading=\"lazy\" decoding=\"async\" width=\"468\" height=\"487\" src=\"https:\/\/tc-hofbieber.de\/wp-content\/uploads\/2026\/04\/image-6.png\" alt=\"\" class=\"wp-image-2251\" srcset=\"https:\/\/tc-hofbieber.de\/wp-content\/uploads\/2026\/04\/image-6.png 468w, https:\/\/tc-hofbieber.de\/wp-content\/uploads\/2026\/04\/image-6-288x300.png 288w\" sizes=\"auto, (max-width: 468px) 100vw, 468px\" \/><\/a><\/figure>\n\n\n\n<p><\/p>\n","protected":false},"excerpt":{"rendered":"<p>Der Verein informiert regelm\u00e4\u00dfig \u00fcber aktuelle Termine, Veranstaltungen und wichtige Neuigkeiten auch \u00fcber einen eigenen Infokanal via Whatsapp. So bleiben Mitglieder und Interessierte jederzeit auf dem Laufenden. Die Anmeldung ist kostenlos und unverbindlich \u2013 einfach den QR\u2011Code scannen und schon bist du dabei!<\/p>\n","protected":false},"author":1,"featured_media":0,"parent":0,"menu_order":0,"comment_status":"closed","ping_status":"closed","template":"","meta":{"ngg_post_thumbnail":0,"inspiro_hide_title":false,"footnotes":""},"class_list":["post-2250","page","type-page","status-publish","hentry"],"yoast_head":"<!-- This site is optimized with the Yoast SEO plugin v27.4 - https:\/\/yoast.com\/product\/yoast-seo-wordpress\/ -->\r\n<title>Unser Infokanal - tc-hofbieber.de<\/title>\r\n<meta name=\"robots\" content=\"index, follow, max-snippet:-1, max-image-preview:large, max-video-preview:-1\" \/>\r\n<link rel=\"canonical\" href=\"https:\/\/tc-hofbieber.de\/index.php\/unser-infokanal\/\" \/>\r\n<meta property=\"og:locale\" content=\"de_DE\" \/>\r\n<meta property=\"og:type\" content=\"article\" \/>\r\n<meta property=\"og:title\" content=\"Unser Infokanal - tc-hofbieber.de\" \/>\r\n<meta property=\"og:description\" content=\"Der Verein informiert regelm\u00e4\u00dfig \u00fcber aktuelle Termine, Veranstaltungen und wichtige Neuigkeiten auch \u00fcber einen eigenen Infokanal via Whatsapp. So bleiben Mitglieder und Interessierte jederzeit auf dem Laufenden. Die Anmeldung ist kostenlos und unverbindlich \u2013 einfach den QR\u2011Code scannen und schon bist du dabei!\" \/>\r\n<meta property=\"og:url\" content=\"https:\/\/tc-hofbieber.de\/index.php\/unser-infokanal\/\" \/>\r\n<meta property=\"og:site_name\" content=\"tc-hofbieber.de\" \/>\r\n<meta property=\"article:modified_time\" content=\"2026-04-18T22:54:26+00:00\" \/>\r\n<meta property=\"og:image\" content=\"https:\/\/tc-hofbieber.de\/wp-content\/uploads\/2026\/04\/image-6.png\" \/>\r\n\t<meta property=\"og:image:width\" content=\"468\" \/>\r\n\t<meta property=\"og:image:height\" content=\"487\" \/>\r\n\t<meta property=\"og:image:type\" content=\"image\/png\" \/>\r\n<meta name=\"twitter:card\" content=\"summary_large_image\" \/>\r\n<meta name=\"twitter:label1\" content=\"Gesch\u00e4tzte Lesezeit\" \/>\n\t<meta name=\"twitter:data1\" content=\"1\u00a0Minute\" \/>\r\n<script type=\"application\/ld+json\" class=\"yoast-schema-graph\">{\"@context\":\"https:\\\/\\\/schema.org\",\"@graph\":[{\"@type\":\"WebPage\",\"@id\":\"https:\\\/\\\/tc-hofbieber.de\\\/index.php\\\/unser-infokanal\\\/\",\"url\":\"https:\\\/\\\/tc-hofbieber.de\\\/index.php\\\/unser-infokanal\\\/\",\"name\":\"Unser Infokanal - tc-hofbieber.de\",\"isPartOf\":{\"@id\":\"https:\\\/\\\/tc-hofbieber.de\\\/#website\"},\"primaryImageOfPage\":{\"@id\":\"https:\\\/\\\/tc-hofbieber.de\\\/index.php\\\/unser-infokanal\\\/#primaryimage\"},\"image\":{\"@id\":\"https:\\\/\\\/tc-hofbieber.de\\\/index.php\\\/unser-infokanal\\\/#primaryimage\"},\"thumbnailUrl\":\"https:\\\/\\\/tc-hofbieber.de\\\/wp-content\\\/uploads\\\/2026\\\/04\\\/image-6.png\",\"datePublished\":\"2026-04-18T22:54:17+00:00\",\"dateModified\":\"2026-04-18T22:54:26+00:00\",\"breadcrumb\":{\"@id\":\"https:\\\/\\\/tc-hofbieber.de\\\/index.php\\\/unser-infokanal\\\/#breadcrumb\"},\"inLanguage\":\"de\",\"potentialAction\":[{\"@type\":\"ReadAction\",\"target\":[\"https:\\\/\\\/tc-hofbieber.de\\\/index.php\\\/unser-infokanal\\\/\"]}]},{\"@type\":\"ImageObject\",\"inLanguage\":\"de\",\"@id\":\"https:\\\/\\\/tc-hofbieber.de\\\/index.php\\\/unser-infokanal\\\/#primaryimage\",\"url\":\"https:\\\/\\\/tc-hofbieber.de\\\/wp-content\\\/uploads\\\/2026\\\/04\\\/image-6.png\",\"contentUrl\":\"https:\\\/\\\/tc-hofbieber.de\\\/wp-content\\\/uploads\\\/2026\\\/04\\\/image-6.png\"},{\"@type\":\"BreadcrumbList\",\"@id\":\"https:\\\/\\\/tc-hofbieber.de\\\/index.php\\\/unser-infokanal\\\/#breadcrumb\",\"itemListElement\":[{\"@type\":\"ListItem\",\"position\":1,\"name\":\"Startseite\",\"item\":\"https:\\\/\\\/tc-hofbieber.de\\\/\"},{\"@type\":\"ListItem\",\"position\":2,\"name\":\"Unser Infokanal\"}]},{\"@type\":\"WebSite\",\"@id\":\"https:\\\/\\\/tc-hofbieber.de\\\/#website\",\"url\":\"https:\\\/\\\/tc-hofbieber.de\\\/\",\"name\":\"tc-hofbieber.de\",\"description\":\"TC Hofbieber\",\"publisher\":{\"@id\":\"https:\\\/\\\/tc-hofbieber.de\\\/#organization\"},\"potentialAction\":[{\"@type\":\"SearchAction\",\"target\":{\"@type\":\"EntryPoint\",\"urlTemplate\":\"https:\\\/\\\/tc-hofbieber.de\\\/?s={search_term_string}\"},\"query-input\":{\"@type\":\"PropertyValueSpecification\",\"valueRequired\":true,\"valueName\":\"search_term_string\"}}],\"inLanguage\":\"de\"},{\"@type\":\"Organization\",\"@id\":\"https:\\\/\\\/tc-hofbieber.de\\\/#organization\",\"name\":\"tc-hofbieber.de\",\"url\":\"https:\\\/\\\/tc-hofbieber.de\\\/\",\"logo\":{\"@type\":\"ImageObject\",\"inLanguage\":\"de\",\"@id\":\"https:\\\/\\\/tc-hofbieber.de\\\/#\\\/schema\\\/logo\\\/image\\\/\",\"url\":\"https:\\\/\\\/tc-hofbieber.de\\\/wp-content\\\/uploads\\\/2025\\\/09\\\/cropped-Vereinswappen.png\",\"contentUrl\":\"https:\\\/\\\/tc-hofbieber.de\\\/wp-content\\\/uploads\\\/2025\\\/09\\\/cropped-Vereinswappen.png\",\"width\":714,\"height\":714,\"caption\":\"tc-hofbieber.de\"},\"image\":{\"@id\":\"https:\\\/\\\/tc-hofbieber.de\\\/#\\\/schema\\\/logo\\\/image\\\/\"}}]}<\/script>\r\n<!-- \/ Yoast SEO plugin. -->","yoast_head_json":{"title":"Unser Infokanal - tc-hofbieber.de","robots":{"index":"index","follow":"follow","max-snippet":"max-snippet:-1","max-image-preview":"max-image-preview:large","max-video-preview":"max-video-preview:-1"},"canonical":"https:\/\/tc-hofbieber.de\/index.php\/unser-infokanal\/","og_locale":"de_DE","og_type":"article","og_title":"Unser Infokanal - tc-hofbieber.de","og_description":"Der Verein informiert regelm\u00e4\u00dfig \u00fcber aktuelle Termine, Veranstaltungen und wichtige Neuigkeiten auch \u00fcber einen eigenen Infokanal via Whatsapp. So bleiben Mitglieder und Interessierte jederzeit auf dem Laufenden. Die Anmeldung ist kostenlos und unverbindlich \u2013 einfach den QR\u2011Code scannen und schon bist du dabei!","og_url":"https:\/\/tc-hofbieber.de\/index.php\/unser-infokanal\/","og_site_name":"tc-hofbieber.de","article_modified_time":"2026-04-18T22:54:26+00:00","og_image":[{"width":468,"height":487,"url":"https:\/\/tc-hofbieber.de\/wp-content\/uploads\/2026\/04\/image-6.png","type":"image\/png"}],"twitter_card":"summary_large_image","twitter_misc":{"Gesch\u00e4tzte Lesezeit":"1\u00a0Minute"},"schema":{"@context":"https:\/\/schema.org","@graph":[{"@type":"WebPage","@id":"https:\/\/tc-hofbieber.de\/index.php\/unser-infokanal\/","url":"https:\/\/tc-hofbieber.de\/index.php\/unser-infokanal\/","name":"Unser Infokanal - tc-hofbieber.de","isPartOf":{"@id":"https:\/\/tc-hofbieber.de\/#website"},"primaryImageOfPage":{"@id":"https:\/\/tc-hofbieber.de\/index.php\/unser-infokanal\/#primaryimage"},"image":{"@id":"https:\/\/tc-hofbieber.de\/index.php\/unser-infokanal\/#primaryimage"},"thumbnailUrl":"https:\/\/tc-hofbieber.de\/wp-content\/uploads\/2026\/04\/image-6.png","datePublished":"2026-04-18T22:54:17+00:00","dateModified":"2026-04-18T22:54:26+00:00","breadcrumb":{"@id":"https:\/\/tc-hofbieber.de\/index.php\/unser-infokanal\/#breadcrumb"},"inLanguage":"de","potentialAction":[{"@type":"ReadAction","target":["https:\/\/tc-hofbieber.de\/index.php\/unser-infokanal\/"]}]},{"@type":"ImageObject","inLanguage":"de","@id":"https:\/\/tc-hofbieber.de\/index.php\/unser-infokanal\/#primaryimage","url":"https:\/\/tc-hofbieber.de\/wp-content\/uploads\/2026\/04\/image-6.png","contentUrl":"https:\/\/tc-hofbieber.de\/wp-content\/uploads\/2026\/04\/image-6.png"},{"@type":"BreadcrumbList","@id":"https:\/\/tc-hofbieber.de\/index.php\/unser-infokanal\/#breadcrumb","itemListElement":[{"@type":"ListItem","position":1,"name":"Startseite","item":"https:\/\/tc-hofbieber.de\/"},{"@type":"ListItem","position":2,"name":"Unser Infokanal"}]},{"@type":"WebSite","@id":"https:\/\/tc-hofbieber.de\/#website","url":"https:\/\/tc-hofbieber.de\/","name":"tc-hofbieber.de","description":"TC Hofbieber","publisher":{"@id":"https:\/\/tc-hofbieber.de\/#organization"},"potentialAction":[{"@type":"SearchAction","target":{"@type":"EntryPoint","urlTemplate":"https:\/\/tc-hofbieber.de\/?s={search_term_string}"},"query-input":{"@type":"PropertyValueSpecification","valueRequired":true,"valueName":"search_term_string"}}],"inLanguage":"de"},{"@type":"Organization","@id":"https:\/\/tc-hofbieber.de\/#organization","name":"tc-hofbieber.de","url":"https:\/\/tc-hofbieber.de\/","logo":{"@type":"ImageObject","inLanguage":"de","@id":"https:\/\/tc-hofbieber.de\/#\/schema\/logo\/image\/","url":"https:\/\/tc-hofbieber.de\/wp-content\/uploads\/2025\/09\/cropped-Vereinswappen.png","contentUrl":"https:\/\/tc-hofbieber.de\/wp-content\/uploads\/2025\/09\/cropped-Vereinswappen.png","width":714,"height":714,"caption":"tc-hofbieber.de"},"image":{"@id":"https:\/\/tc-hofbieber.de\/#\/schema\/logo\/image\/"}}]}},"_links":{"self":[{"href":"https:\/\/tc-hofbieber.de\/index.php\/wp-json\/wp\/v2\/pages\/2250","targetHints":{"allow":["GET"]}}],"collection":[{"href":"https:\/\/tc-hofbieber.de\/index.php\/wp-json\/wp\/v2\/pages"}],"about":[{"href":"https:\/\/tc-hofbieber.de\/index.php\/wp-json\/wp\/v2\/types\/page"}],"author":[{"embeddable":true,"href":"https:\/\/tc-hofbieber.de\/index.php\/wp-json\/wp\/v2\/users\/1"}],"replies":[{"embeddable":true,"href":"https:\/\/tc-hofbieber.de\/index.php\/wp-json\/wp\/v2\/comments?post=2250"}],"version-history":[{"count":1,"href":"https:\/\/tc-hofbieber.de\/index.php\/wp-json\/wp\/v2\/pages\/2250\/revisions"}],"predecessor-version":[{"id":2252,"href":"https:\/\/tc-hofbieber.de\/index.php\/wp-json\/wp\/v2\/pages\/2250\/revisions\/2252"}],"wp:attachment":[{"href":"https:\/\/tc-hofbieber.de\/index.php\/wp-json\/wp\/v2\/media?parent=2250"}],"curies":[{"name":"wp","href":"https:\/\/api.w.org\/{rel}","templated":true}]}}