{"id":2084,"date":"2025-12-29T15:48:11","date_gmt":"2025-12-29T14:48:11","guid":{"rendered":"https:\/\/tc-hofbieber.de\/?page_id=2084"},"modified":"2025-12-29T15:49:39","modified_gmt":"2025-12-29T14:49:39","slug":"arbeitsstunden","status":"publish","type":"page","link":"https:\/\/tc-hofbieber.de\/index.php\/arbeitsstunden\/","title":{"rendered":"Arbeitsstunden"},"content":{"rendered":"\n<p>Arbeitsstunden eintragen mit App \u201ecourt4u\u201c<\/p>\n\n\n\n<p><\/p>\n\n\n\n<p>Liebe Clubmitglieder,<br>wir werden auch im neuen Jahr die App \u201eCourt4u\u201c verwenden. Diese App dient vor allem zur effizienten Erfassung der geleisteten Arbeitsstunden. Ebenso k\u00f6nnen \u00fcber diese App ab sofort auch die Pl\u00e4tze gebucht werden, die reservierten Zeiten f\u00fcr Training und Clubevents sind bereits hinterlegt und blockiert.Sowohl die \u201eInfo zu Arbeitsstunden im TC 1990 Hofbieber e.V.\u201c als auch die Einf\u00fchrung zu \u201eCourt4u\u201c sowie wichtige Informationen zur Nutzung der App finden Sie auch online.<br>Ebenso gibt es nun eine Liste \u00fcber zu erledigende Arbeiten im Bereich Reinigung und Service. Wer in diesem Bereich seine Arbeitsleistung erbringen m\u00f6chte, kann sich schon jetzt bei Thomas Mihm und Janis Mader melden und sich f\u00fcr die entsprechenden Arbeiten eintragen lassen!<\/p>\n\n\n\n<p>Zus\u00e4tzlich gibt es eine vom Vorstand eingerichtete WhatsApp-Gruppe f\u00fcr alle aktiven Mitglieder im Alter zwischen 15 und 69 \u00fcber die k\u00fcnftig Arbeitseins\u00e4tze organisiert werden. Auch hier kann man sich dann entsprechend zu den Eins\u00e4tzen anmelden!<\/p>\n\n\n\n<p>Wer keine Arbeitsstunden leisten muss und sich trotzdem in die Gruppe aufnehmen lassen m\u00f6chte, kann sich bei einem Vorstandsmitglied melden.<\/p>\n\n\n\n<p>Wir w\u00fcnschen allen viel Freude beim Tennis und unseren Clubevents!<\/p>\n","protected":false},"excerpt":{"rendered":"<p>Arbeitsstunden eintragen mit App \u201ecourt4u\u201c Liebe Clubmitglieder,wir werden auch im neuen Jahr die App \u201eCourt4u\u201c verwenden. Diese App dient vor allem zur effizienten Erfassung der geleisteten Arbeitsstunden. Ebenso k\u00f6nnen \u00fcber diese App ab sofort auch die Pl\u00e4tze gebucht werden, die reservierten Zeiten f\u00fcr Training und Clubevents sind bereits hinterlegt und blockiert.Sowohl die \u201eInfo zu Arbeitsstunden &hellip; <\/p>\n<p class=\"link-more\"><a href=\"https:\/\/tc-hofbieber.de\/index.php\/arbeitsstunden\/\" class=\"more-link\">Mehr <span class=\"screen-reader-text\">\u00fcber &#8222;Arbeitsstunden&#8220; <\/span>Lesen<\/a><\/p>\n","protected":false},"author":1,"featured_media":0,"parent":0,"menu_order":0,"comment_status":"closed","ping_status":"closed","template":"","meta":{"ngg_post_thumbnail":0,"footnotes":""},"class_list":["post-2084","page","type-page","status-publish","hentry"],"yoast_head":"<!-- This site is optimized with the Yoast SEO plugin v27.2 - https:\/\/yoast.com\/product\/yoast-seo-wordpress\/ -->\r\n<title>Arbeitsstunden - tc-hofbieber.de<\/title>\r\n<meta name=\"robots\" content=\"index, follow, max-snippet:-1, max-image-preview:large, max-video-preview:-1\" \/>\r\n<link rel=\"canonical\" href=\"https:\/\/tc-hofbieber.de\/index.php\/arbeitsstunden\/\" \/>\r\n<meta property=\"og:locale\" content=\"de_DE\" \/>\r\n<meta property=\"og:type\" content=\"article\" \/>\r\n<meta property=\"og:title\" content=\"Arbeitsstunden - tc-hofbieber.de\" \/>\r\n<meta property=\"og:description\" content=\"Arbeitsstunden eintragen mit App \u201ecourt4u\u201c Liebe Clubmitglieder,wir werden auch im neuen Jahr die App \u201eCourt4u\u201c verwenden. Diese App dient vor allem zur effizienten Erfassung der geleisteten Arbeitsstunden. Ebenso k\u00f6nnen \u00fcber diese App ab sofort auch die Pl\u00e4tze gebucht werden, die reservierten Zeiten f\u00fcr Training und Clubevents sind bereits hinterlegt und blockiert.Sowohl die \u201eInfo zu Arbeitsstunden &hellip; Mehr \u00fcber &quot;Arbeitsstunden&quot; Lesen\" \/>\r\n<meta property=\"og:url\" content=\"https:\/\/tc-hofbieber.de\/index.php\/arbeitsstunden\/\" \/>\r\n<meta property=\"og:site_name\" content=\"tc-hofbieber.de\" \/>\r\n<meta property=\"article:modified_time\" content=\"2025-12-29T14:49:39+00:00\" \/>\r\n<meta name=\"twitter:card\" content=\"summary_large_image\" \/>\r\n<meta name=\"twitter:label1\" content=\"Gesch\u00e4tzte Lesezeit\" \/>\n\t<meta name=\"twitter:data1\" content=\"2\u00a0Minuten\" \/>\r\n<script type=\"application\/ld+json\" class=\"yoast-schema-graph\">{\"@context\":\"https:\/\/schema.org\",\"@graph\":[{\"@type\":\"WebPage\",\"@id\":\"https:\/\/tc-hofbieber.de\/index.php\/arbeitsstunden\/\",\"url\":\"https:\/\/tc-hofbieber.de\/index.php\/arbeitsstunden\/\",\"name\":\"Arbeitsstunden - tc-hofbieber.de\",\"isPartOf\":{\"@id\":\"https:\/\/tc-hofbieber.de\/#website\"},\"datePublished\":\"2025-12-29T14:48:11+00:00\",\"dateModified\":\"2025-12-29T14:49:39+00:00\",\"breadcrumb\":{\"@id\":\"https:\/\/tc-hofbieber.de\/index.php\/arbeitsstunden\/#breadcrumb\"},\"inLanguage\":\"de\",\"potentialAction\":[{\"@type\":\"ReadAction\",\"target\":[\"https:\/\/tc-hofbieber.de\/index.php\/arbeitsstunden\/\"]}]},{\"@type\":\"BreadcrumbList\",\"@id\":\"https:\/\/tc-hofbieber.de\/index.php\/arbeitsstunden\/#breadcrumb\",\"itemListElement\":[{\"@type\":\"ListItem\",\"position\":1,\"name\":\"Startseite\",\"item\":\"https:\/\/tc-hofbieber.de\/\"},{\"@type\":\"ListItem\",\"position\":2,\"name\":\"Arbeitsstunden\"}]},{\"@type\":\"WebSite\",\"@id\":\"https:\/\/tc-hofbieber.de\/#website\",\"url\":\"https:\/\/tc-hofbieber.de\/\",\"name\":\"tc-hofbieber.de\",\"description\":\"TC Hofbieber\",\"publisher\":{\"@id\":\"https:\/\/tc-hofbieber.de\/#organization\"},\"potentialAction\":[{\"@type\":\"SearchAction\",\"target\":{\"@type\":\"EntryPoint\",\"urlTemplate\":\"https:\/\/tc-hofbieber.de\/?s={search_term_string}\"},\"query-input\":{\"@type\":\"PropertyValueSpecification\",\"valueRequired\":true,\"valueName\":\"search_term_string\"}}],\"inLanguage\":\"de\"},{\"@type\":\"Organization\",\"@id\":\"https:\/\/tc-hofbieber.de\/#organization\",\"name\":\"tc-hofbieber.de\",\"url\":\"https:\/\/tc-hofbieber.de\/\",\"logo\":{\"@type\":\"ImageObject\",\"inLanguage\":\"de\",\"@id\":\"https:\/\/tc-hofbieber.de\/#\/schema\/logo\/image\/\",\"url\":\"https:\/\/tc-hofbieber.de\/wp-content\/uploads\/2025\/09\/cropped-Vereinswappen.png\",\"contentUrl\":\"https:\/\/tc-hofbieber.de\/wp-content\/uploads\/2025\/09\/cropped-Vereinswappen.png\",\"width\":714,\"height\":714,\"caption\":\"tc-hofbieber.de\"},\"image\":{\"@id\":\"https:\/\/tc-hofbieber.de\/#\/schema\/logo\/image\/\"}}]}<\/script>\r\n<!-- \/ Yoast SEO plugin. -->","yoast_head_json":{"title":"Arbeitsstunden - tc-hofbieber.de","robots":{"index":"index","follow":"follow","max-snippet":"max-snippet:-1","max-image-preview":"max-image-preview:large","max-video-preview":"max-video-preview:-1"},"canonical":"https:\/\/tc-hofbieber.de\/index.php\/arbeitsstunden\/","og_locale":"de_DE","og_type":"article","og_title":"Arbeitsstunden - tc-hofbieber.de","og_description":"Arbeitsstunden eintragen mit App \u201ecourt4u\u201c Liebe Clubmitglieder,wir werden auch im neuen Jahr die App \u201eCourt4u\u201c verwenden. Diese App dient vor allem zur effizienten Erfassung der geleisteten Arbeitsstunden. Ebenso k\u00f6nnen \u00fcber diese App ab sofort auch die Pl\u00e4tze gebucht werden, die reservierten Zeiten f\u00fcr Training und Clubevents sind bereits hinterlegt und blockiert.Sowohl die \u201eInfo zu Arbeitsstunden &hellip; Mehr \u00fcber \"Arbeitsstunden\" Lesen","og_url":"https:\/\/tc-hofbieber.de\/index.php\/arbeitsstunden\/","og_site_name":"tc-hofbieber.de","article_modified_time":"2025-12-29T14:49:39+00:00","twitter_card":"summary_large_image","twitter_misc":{"Gesch\u00e4tzte Lesezeit":"2\u00a0Minuten"},"schema":{"@context":"https:\/\/schema.org","@graph":[{"@type":"WebPage","@id":"https:\/\/tc-hofbieber.de\/index.php\/arbeitsstunden\/","url":"https:\/\/tc-hofbieber.de\/index.php\/arbeitsstunden\/","name":"Arbeitsstunden - tc-hofbieber.de","isPartOf":{"@id":"https:\/\/tc-hofbieber.de\/#website"},"datePublished":"2025-12-29T14:48:11+00:00","dateModified":"2025-12-29T14:49:39+00:00","breadcrumb":{"@id":"https:\/\/tc-hofbieber.de\/index.php\/arbeitsstunden\/#breadcrumb"},"inLanguage":"de","potentialAction":[{"@type":"ReadAction","target":["https:\/\/tc-hofbieber.de\/index.php\/arbeitsstunden\/"]}]},{"@type":"BreadcrumbList","@id":"https:\/\/tc-hofbieber.de\/index.php\/arbeitsstunden\/#breadcrumb","itemListElement":[{"@type":"ListItem","position":1,"name":"Startseite","item":"https:\/\/tc-hofbieber.de\/"},{"@type":"ListItem","position":2,"name":"Arbeitsstunden"}]},{"@type":"WebSite","@id":"https:\/\/tc-hofbieber.de\/#website","url":"https:\/\/tc-hofbieber.de\/","name":"tc-hofbieber.de","description":"TC Hofbieber","publisher":{"@id":"https:\/\/tc-hofbieber.de\/#organization"},"potentialAction":[{"@type":"SearchAction","target":{"@type":"EntryPoint","urlTemplate":"https:\/\/tc-hofbieber.de\/?s={search_term_string}"},"query-input":{"@type":"PropertyValueSpecification","valueRequired":true,"valueName":"search_term_string"}}],"inLanguage":"de"},{"@type":"Organization","@id":"https:\/\/tc-hofbieber.de\/#organization","name":"tc-hofbieber.de","url":"https:\/\/tc-hofbieber.de\/","logo":{"@type":"ImageObject","inLanguage":"de","@id":"https:\/\/tc-hofbieber.de\/#\/schema\/logo\/image\/","url":"https:\/\/tc-hofbieber.de\/wp-content\/uploads\/2025\/09\/cropped-Vereinswappen.png","contentUrl":"https:\/\/tc-hofbieber.de\/wp-content\/uploads\/2025\/09\/cropped-Vereinswappen.png","width":714,"height":714,"caption":"tc-hofbieber.de"},"image":{"@id":"https:\/\/tc-hofbieber.de\/#\/schema\/logo\/image\/"}}]}},"_links":{"self":[{"href":"https:\/\/tc-hofbieber.de\/index.php\/wp-json\/wp\/v2\/pages\/2084","targetHints":{"allow":["GET"]}}],"collection":[{"href":"https:\/\/tc-hofbieber.de\/index.php\/wp-json\/wp\/v2\/pages"}],"about":[{"href":"https:\/\/tc-hofbieber.de\/index.php\/wp-json\/wp\/v2\/types\/page"}],"author":[{"embeddable":true,"href":"https:\/\/tc-hofbieber.de\/index.php\/wp-json\/wp\/v2\/users\/1"}],"replies":[{"embeddable":true,"href":"https:\/\/tc-hofbieber.de\/index.php\/wp-json\/wp\/v2\/comments?post=2084"}],"version-history":[{"count":0,"href":"https:\/\/tc-hofbieber.de\/index.php\/wp-json\/wp\/v2\/pages\/2084\/revisions"}],"wp:attachment":[{"href":"https:\/\/tc-hofbieber.de\/index.php\/wp-json\/wp\/v2\/media?parent=2084"}],"curies":[{"name":"wp","href":"https:\/\/api.w.org\/{rel}","templated":true}]}}