{"id":2,"date":"2012-05-02T07:58:29","date_gmt":"2012-05-02T07:58:29","guid":{"rendered":"http:\/\/tc-hofbieber.de\/?page_id=2"},"modified":"2026-04-19T20:31:30","modified_gmt":"2026-04-19T19:31:30","slug":"news","status":"publish","type":"page","link":"https:\/\/tc-hofbieber.de\/index.php\/news\/","title":{"rendered":"News"},"content":{"rendered":"\n<h2 class=\"wp-block-heading\">Einladung zur Jahreshauptversammlung 2026<\/h2>\n\n\n\n<p>Am Donnerstag den 07.05.2026 um 20:00 Uhr findet im Clubhaus des TC 1990 Hofbieber e.V. die diesj\u00e4hrige Jahreshauptversammlung statt. Alle Mitglieder sind hiermit herzlich eingeladen.<\/p>\n\n\n\n<h2 class=\"wp-block-heading\">Tagesordnung<\/h2>\n\n\n\n<p>1. Begr\u00fc\u00dfung und Feststellung der Beschlussf\u00e4higkeit<\/p>\n\n\n\n<p>2. Berichte des Vorstandes<\/p>\n\n\n\n<ul class=\"wp-block-list\">\n<li>1. Vorsitzender<\/li>\n\n\n\n<li>Sportwart<\/li>\n\n\n\n<li>Jugendwart <\/li>\n\n\n\n<li>Bauwart<\/li>\n\n\n\n<li>Kulturwart<\/li>\n<\/ul>\n\n\n\n<p>3. Kassenbericht<\/p>\n\n\n\n<p>4. Bericht der Kassenpr\u00fcfer<\/p>\n\n\n\n<p>5. Entlastung des Vorstandes<\/p>\n\n\n\n<p>6. Zuwahl eines\/einer Kassenpr\u00fcfers\/Kassenpr\u00fcferin<\/p>\n\n\n\n<p>7. Satzungs\u00e4nderung: Erg\u00e4nzung \u00a7 2 Zweck und Gemeinn\u00fctzigkeit des Vereins<\/p>\n\n\n\n<p>8. Antr\u00e4ge und Verschiedenes<\/p>\n\n\n\n<p><\/p>\n\n\n\n<p>Antr\u00e4ge zur Jahreshauptversammlung sind bis zum 03.05.2026 beim Vorsitzenden &#8222;Thorsten Eckstein&#8220; einzureichen.<\/p>\n\n\n\n<p><\/p>\n\n\n\n<p>Der Vorstand<\/p>\n\n\n\n<p><\/p>\n\n\n\n<h2 class=\"wp-block-heading\"> <strong>Die Spielpl\u00e4ne f\u00fcr das Jahr 2026 stehen ab sofort bereit!<\/strong><\/h2>\n\n\n\n<figure class=\"wp-block-embed is-type-wp-embed is-provider-tc-hofbieber-de wp-block-embed-tc-hofbieber-de\" style=\"margin-top:0;margin-bottom:0\"><div class=\"wp-block-embed__wrapper\">\n<blockquote class=\"wp-embedded-content\" data-secret=\"3dUlZBfVvs\"><a href=\"https:\/\/tc-hofbieber.de\/index.php\/spielplaene-2026\/\">Spielpl\u00e4ne 2026<\/a><\/blockquote><iframe loading=\"lazy\" class=\"wp-embedded-content\" sandbox=\"allow-scripts\" security=\"restricted\" style=\"position: absolute; visibility: hidden;\" title=\"&#8222;Spielpl\u00e4ne 2026&#8220; &#8211; tc-hofbieber.de\" src=\"https:\/\/tc-hofbieber.de\/index.php\/spielplaene-2026\/embed\/#?secret=uQma9GToIp#?secret=3dUlZBfVvs\" data-secret=\"3dUlZBfVvs\" width=\"600\" height=\"338\" frameborder=\"0\" marginwidth=\"0\" marginheight=\"0\" scrolling=\"no\"><\/iframe>\n<\/div><\/figure>\n\n\n\n<h2 class=\"wp-block-heading\">Season- und Platzer\u00f6ffnung 02.05.2026<\/h2>\n\n\n\n<figure class=\"wp-block-image size-large\"><a href=\"https:\/\/tc-hofbieber.de\/wp-content\/uploads\/2026\/04\/image-1.png\"><img loading=\"lazy\" decoding=\"async\" width=\"723\" height=\"1024\" src=\"https:\/\/tc-hofbieber.de\/wp-content\/uploads\/2026\/04\/image-1-723x1024.png\" alt=\"\" class=\"wp-image-2194\" srcset=\"https:\/\/tc-hofbieber.de\/wp-content\/uploads\/2026\/04\/image-1-723x1024.png 723w, https:\/\/tc-hofbieber.de\/wp-content\/uploads\/2026\/04\/image-1-212x300.png 212w, https:\/\/tc-hofbieber.de\/wp-content\/uploads\/2026\/04\/image-1.png 1054w\" sizes=\"auto, (max-width: 723px) 100vw, 723px\" \/><\/a><\/figure>\n\n\n\n<p><\/p>\n\n\n\n<h2 class=\"wp-block-heading\">Termine 2026<\/h2>\n\n\n\n<p>Liebe Tennisfreunde,<\/p>\n\n\n\n<p>das neue Tennisjahr steht vor der T\u00fcr \u2013 und wir freuen uns schon jetzt auf viele sportliche und gesellige Momente mit euch!<br>Damit ihr eure Kalender rechtzeitig f\u00fcllen k\u00f6nnt, findet ihr hier die wichtigsten Termine f\u00fcr die Saison <strong>2026<\/strong>.<\/p>\n\n\n\n<ul class=\"wp-block-list\">\n<li>Saison-Er\u00f6ffnung: 02.05.2026 (Einweihung neue Tennis-Pl\u00e4tze)<\/li>\n\n\n\n<li>Jahreshauptversammlung: 07.05.2026<\/li>\n\n\n\n<li>Cent-Markt: 17.05.2026<\/li>\n\n\n\n<li>Italienischer Abend: 31.07.2026&nbsp;<\/li>\n\n\n\n<li>Tennis f\u00fcr Jedermann: 01.08.2026<\/li>\n\n\n\n<li>Letzter Spieltag: 06.09.2026<\/li>\n\n\n\n<li>Kreuzberg-Wanderung: 12.09.2026<\/li>\n\n\n\n<li>Mixed Clubmeisterschaften \/ Jugend: 19.09.2026 + 20.09.2026<\/li>\n\n\n\n<li>Clubmeisterschaften \/ Finalwochenende: 19.09.2026 + 20.09.2026 NEU ! (<s>26+27.09.2026<\/s>) Termin wurde ge\u00e4ndert w\/\u00dcberschneidung mit Kirmes<\/li>\n\n\n\n<li>Mensch-\u00c4rger dich nicht Turnier =&gt; Termin wird sp\u00e4ter festgelegt<\/li>\n\n\n\n<li>Schleifchenturnier (Dicker Turm) =&gt; Termin wird sp\u00e4ter festgelegt<\/li>\n<\/ul>\n\n\n\n<p>Wir freuen uns auf eine tolle Tennissaison 2026 mit euch.<\/p>\n\n\n\n<p>Sportliche Gr\u00fc\u00dfe<\/p>\n\n\n\n<p>Michael (Kemmler)<\/p>\n\n\n\n<h3 class=\"wp-block-heading\">01.03.2026 Schleifchenturnier &#8211; Dicker Turm\/K\u00fcnzell<\/h3>\n\n\n\n<div class=\"wp-block-group has-global-padding is-layout-constrained wp-block-group-is-layout-constrained\">\n<figure class=\"wp-block-image alignright size-large is-resized\"><a href=\"https:\/\/tc-hofbieber.de\/wp-content\/uploads\/2026\/02\/Bild_Schleifchenturnier.png\"><img loading=\"lazy\" decoding=\"async\" width=\"1024\" height=\"683\" src=\"https:\/\/tc-hofbieber.de\/wp-content\/uploads\/2026\/02\/Bild_Schleifchenturnier-1024x683.png\" alt=\"\" class=\"wp-image-2096\" style=\"width:480px;height:auto\" srcset=\"https:\/\/tc-hofbieber.de\/wp-content\/uploads\/2026\/02\/Bild_Schleifchenturnier-1024x683.png 1024w, https:\/\/tc-hofbieber.de\/wp-content\/uploads\/2026\/02\/Bild_Schleifchenturnier-300x200.png 300w, https:\/\/tc-hofbieber.de\/wp-content\/uploads\/2026\/02\/Bild_Schleifchenturnier.png 1536w\" sizes=\"auto, (max-width: 1024px) 100vw, 1024px\" \/><\/a><\/figure>\n\n\n\n<p>Auch in diesem Jahr soll in der Wintersaison wieder unser beliebtes <strong>Schleifchenturnier<\/strong> stattfinden. Daf\u00fcr haben wir am <strong>01. M\u00e4rz<\/strong> von <strong>14:00 bis 17:00 Uhr<\/strong> bereits <strong>zwei Pl\u00e4tze<\/strong> f\u00fcr uns reserviert.<\/p>\n\n\n\n<p>Damit wir besser planen k\u00f6nnen, bitten wir euch um eine <strong>kurze R\u00fcckmeldung<\/strong>, wer teilnehmen m\u00f6chte. So k\u00f6nnen wir absch\u00e4tzen, ob wirklich beide Pl\u00e4tze ben\u00f6tigt werden oder ob eine kleinere Spielgruppe ausreicht.<\/p>\n\n\n\n<p>Wir freuen uns auf einen sch\u00f6nen, sportlichen Nachmittag mit euch!<\/p>\n\n\n\n<p>Anmeldung \u00fcber den TC Infokanal oder \u00fcber die Kulturwarte<\/p>\n<\/div>\n\n\n\n<p><\/p>\n\n\n\n<p><\/p>\n\n\n\n<p><\/p>\n\n\n\n<h3 class=\"wp-block-heading\">24\/31.12.2025 Frohe Weihnachten und einen guten Rutsch !<\/h3>\n\n\n\n<div class=\"wp-block-media-text has-media-on-the-right is-stacked-on-mobile is-vertically-aligned-top\" style=\"grid-template-columns:auto 40%\"><div class=\"wp-block-media-text__content\">\n<p>Liebe Mitglieder, Freunde und Unterst\u00fctzer unseres Tennisvereins,<\/p>\n\n\n\n<p>ein ereignisreiches Jahr neigt sich dem Ende zu. Wir m\u00f6chten uns herzlich f\u00fcr <strong>eure Treue<\/strong>, <strong>euren Einsatz<\/strong>&nbsp;und die vielen unvergesslichen Momente auf und neben dem Platz bedanken. Gemeinsam haben wir auch in 2025 viel erreicht!<\/p>\n\n\n\n<p>Wir w\u00fcnschen euch und euren Familien ein frohes Weihnachtsfest, erholsame Feiertage und einen guten Rutsch ins neue Jahr. M\u00f6ge 2026 voller Gesundheit, Freude und sportlicher Erfolge sein.<\/p>\n\n\n\n<p>Wir freuen uns darauf, euch im neuen Jahr wieder auf dem Platz zu sehen!<\/p>\n\n\n\n<figure class=\"wp-block-image size-large is-resized\"><a href=\"https:\/\/tc-hofbieber.de\/wp-content\/uploads\/2025\/12\/2025-12-19_Thorsten_Weihnachten.png\"><img loading=\"lazy\" decoding=\"async\" width=\"1024\" height=\"683\" src=\"https:\/\/tc-hofbieber.de\/wp-content\/uploads\/2025\/12\/2025-12-19_Thorsten_Weihnachten-1024x683.png\" alt=\"\" class=\"wp-image-2060\" style=\"aspect-ratio:1.4993221520703413;width:238px;height:auto\" srcset=\"https:\/\/tc-hofbieber.de\/wp-content\/uploads\/2025\/12\/2025-12-19_Thorsten_Weihnachten-1024x683.png 1024w, https:\/\/tc-hofbieber.de\/wp-content\/uploads\/2025\/12\/2025-12-19_Thorsten_Weihnachten-300x200.png 300w, https:\/\/tc-hofbieber.de\/wp-content\/uploads\/2025\/12\/2025-12-19_Thorsten_Weihnachten.png 1536w\" sizes=\"auto, (max-width: 1024px) 100vw, 1024px\" \/><\/a><\/figure>\n\n\n\n<p>              -Vorstand-<\/p>\n\n\n\n<p><\/p>\n<\/div><figure class=\"wp-block-media-text__media\"><img loading=\"lazy\" decoding=\"async\" width=\"683\" height=\"1024\" src=\"https:\/\/tc-hofbieber.de\/wp-content\/uploads\/2025\/12\/2025-12-19-Thorsten-Weihnachtsmann-683x1024.jpg\" alt=\"\" class=\"wp-image-2061 size-full\" srcset=\"https:\/\/tc-hofbieber.de\/wp-content\/uploads\/2025\/12\/2025-12-19-Thorsten-Weihnachtsmann-683x1024.jpg 683w, https:\/\/tc-hofbieber.de\/wp-content\/uploads\/2025\/12\/2025-12-19-Thorsten-Weihnachtsmann-200x300.jpg 200w, https:\/\/tc-hofbieber.de\/wp-content\/uploads\/2025\/12\/2025-12-19-Thorsten-Weihnachtsmann.jpg 1024w\" sizes=\"auto, (max-width: 683px) 100vw, 683px\" \/><\/figure><\/div>\n\n\n\n<p><\/p>\n\n\n\n<h3 class=\"wp-block-heading\">18.10.2025 Mensch \u00e4rgere dich nicht<\/h3>\n\n\n\n<p>Gestartet wird am<\/p>\n\n\n\n<ol start=\"18\" class=\"wp-block-list\">\n<li>Oktober<br>um 19:00 Uhr mit gemeinsamen Essen<br>(Schnitzel mit Salaten)<\/li>\n<\/ol>\n\n\n\n<p>Bitte meldet euch direkt bei Steffi bis zum 13 Oktober, wenn ihr Interesse habt teilzunehmen.<\/p>\n\n\n\n<p>Viel Spa\u00df und einen sch\u00f6nen Abend.<br>Thomas Mihm<\/p>\n\n\n\n<h3 class=\"wp-block-heading\">05.10.2025 Saison-Abschluss<\/h3>\n\n\n\n<p>Die Events gehen weiter!<\/p>\n\n\n\n<p>Am Sonntag, den 05.10. soll unser Saison-Abschluss stattfinden. Los geht\u2019s um 14:00 Uhr.<br>Bitte mal kurz R\u00fcckmeldung wer alles dabei ist, damit f\u00fcr das gem\u00fctliche Beisammensein danach genug Spei\u00df und Trank vorhanden ist.<\/p>\n\n\n\n<p>Viel Gr\u00fc\u00dfe<\/p>\n\n\n\n<p>Thomas Mihm<\/p>\n\n\n\n<h3 class=\"wp-block-heading\">03.10.2025 Wanderung zum Kreuzberg<\/h3>\n\n\n\n<p>Hallo liebe Tennisfreunde, <br><br>am 3.10 wollen ein paar unerschrockene Vereinsmitglieder von Hofbieber zum Kreuzberg laufen. Start ist um 6:00 Uhr am Promilleweg (Lichtweg\/Eller) oder dann um 6:10 Uhr in Langenbieber bei Kollmanns. Alle Kurzentschlossenen sind gerne gesehen.<br><br>Euer Sportwart Magnus \/ 0175-8630026<\/p>\n\n\n\n<p><\/p>\n\n\n\n<h3 class=\"wp-block-heading\">21.09.2025 Clubmeisterschaften<\/h3>\n\n\n\n<p>Hallo liebe Tennisfreunde, <br><br>am Sonntag wollen wir unsere diesj\u00e4hrigen Clubmeister k\u00fcren. Ab 15:00 Uhr wird das Herren-Einzel Finale stattfinden. Danach findet die Siegerehrung der restlichen durchgef\u00fchrten Diziplinen statt. Den Abschluss wird ein gem\u00fctliches Beisammensein bilden. Ich freue mich, wenn sich einige am Tennisplatz einfinden um unsere Finalisten anzufeuern und die Sieger zu feiern.<br><br>Euer Sportwart Magnus<\/p>\n\n\n\n<h3 class=\"wp-block-heading\">25.07.2025 Italienischer Abend<\/h3>\n\n\n\n<p>Am 25. Juli 2025 veranstaltete der Tennisverein TC 1990 Hofbieber einen stimmungsvollen Vereinsabend unter dem Motto \u201eItalienischer Abend\u201c.&nbsp; &nbsp;Die Mitglieder hatten sich m\u00e4chtig ins Zeug gelegt und ein reichhaltiges Buffet in Eigenregie organisiert. Von Antipasti, Nudelgerichte \u00fcber hausgemachte Salate bis hin zu s\u00fc\u00dfen italienischen Desserts \u2013 das Angebot lie\u00df keine W\u00fcnsche offen und spiegelte die Vielfalt und Kreativit\u00e4t unseres Vereins wider.&nbsp;&nbsp;Ein besonderes Highlight war das Pizza-Catering direkt vor Ort: Frisch zubereitete Pizzen aus dem mobilen Steinofen sorgten f\u00fcr authentischen Geschmack und begeisterten unsere G\u00e4ste.&nbsp;&nbsp;Neben dem kulinarischen Genuss stand nat\u00fcrlich auch das Miteinander im Vordergrund. In entspannter Atmosph\u00e4re wurde gelacht, geplaudert und gefeiert \u2013 ein Abend, der einmal mehr gezeigt hat, wie lebendig und engagiert unser Vereinsleben ist.&nbsp;&nbsp;&nbsp;<\/p>\n\n\n\n<h3 class=\"wp-block-heading\">26.07.2025 Tennis f\u00fcr Jedermann (Turnier)<\/h3>\n\n\n\n<p>Zus\u00e4tzlich fand am 26. Juli 2025 noch das Schoppenturnier \u201cTennis f\u00fcr Jedermann\u201d statt. Hier traten Hobbyspieler in drei spa\u00dfigen Disziplinen an: Tennis-Torwand, Tennis-Dart und ein Doppel-Blitzturnier. Ohne Tennis-Vorkenntnisse, aber mit viel Einsatz holte sich die Gruppe \u201eKiesbergbiker\u201c den ersten Platz. Stimmung, Teamgeist und ein Meter Bier rundeten das Event ab.&nbsp;&nbsp;Der TC 1990 Hofbieber bedankt sich herzlich bei allen Helferinnen und Helfern, die dieses Wochenende m\u00f6glich gemacht haben und freut sich schon auf die n\u00e4chsten gemeinsamen Veranstaltungen!&nbsp;&nbsp; &nbsp; &nbsp; &nbsp; &nbsp; &nbsp;<\/p>\n\n\n\n<p>Euer Vorstand TC 1990 Hofbieber&nbsp;<\/p>\n\n\n\n<h3 class=\"wp-block-heading\">28.03.2025 Netzroller 2025<\/h3>\n\n\n\n<p>Zur Saison 2025 erscheint erneut unser Vereinsmagazin Netzroller.<br>Es bietet aktuelle Informationen rund um den TC Hofbieber \u2013 von den Mannschaften \u00fcber Spieltermine bis hin zu aktuellen Vereinsaktivit\u00e4ten. Wie jedes Jahr erhalten alle Vereinsmitglieder sowie unsere gesch\u00e4tzten Sponsoren ein pers\u00f6nliches Exemplar. Ein besonderer Dank gilt an dieser Stelle nochmals herzlich unseren Sponsoren f\u00fcr ihre wertvolle Unterst\u00fctzung!<\/p>\n\n\n\n<h3 class=\"wp-block-heading\">01.03.2025 Vereinsapp Court4u<\/h3>\n\n\n\n<p>Liebe Clubmitglieder,<br>wir werden auch im neuen Jahr die App \u201eCourt4u\u201c verwenden. Diese App dient vor allem zur effizienten Erfassung der geleisteten Arbeitsstunden. Ebenso k\u00f6nnen \u00fcber diese App ab sofort auch die Pl\u00e4tze gebucht werden, die reservierten Zeiten f\u00fcr Training und Clubevents sind bereits hinterlegt und blockiert.Sowohl die \u201eInfo zu Arbeitsstunden im TC 1990 Hofbieber e.V.\u201c als auch die Einf\u00fchrung zu \u201eCourt4u\u201c sowie wichtige Informationen zur Nutzung der App finden Sie auch online.<br>Ebenso gibt es nun eine Liste \u00fcber zu erledigende Arbeiten im Bereich Reinigung und Service. Wer in diesem Bereich seine Arbeitsleistung erbringen m\u00f6chte, kann sich schon jetzt bei Thomas Mihm und Janis Mader melden und sich f\u00fcr die entsprechenden Arbeiten eintragen lassen!<\/p>\n\n\n\n<p>Zus\u00e4tzlich gibt es eine vom Vorstand eingerichtete WhatsApp-Gruppe f\u00fcr alle aktiven Mitglieder im Alter zwischen 15 und 69 \u00fcber die k\u00fcnftig Arbeitseins\u00e4tze organisiert werden. Auch hier kann man sich dann entsprechend zu den Eins\u00e4tzen anmelden!<\/p>\n\n\n\n<p>Wer keine Arbeitsstunden leisten muss und sich trotzdem in die Gruppe aufnehmen lassen m\u00f6chte, kann sich bei einem Vorstandsmitglied melden.<\/p>\n\n\n\n<p>Wir w\u00fcnschen allen viel Freude beim Tennis und unseren Clubevents!<\/p>\n\n\n\n<p><\/p>\n","protected":false},"excerpt":{"rendered":"<p>Einladung zur Jahreshauptversammlung 2026 Am Donnerstag den 07.05.2026 um 20:00 Uhr findet im Clubhaus des TC 1990 Hofbieber e.V. die diesj\u00e4hrige Jahreshauptversammlung statt. Alle Mitglieder sind hiermit herzlich eingeladen. Tagesordnung 1. Begr\u00fc\u00dfung und Feststellung der Beschlussf\u00e4higkeit 2. Berichte des Vorstandes 3. Kassenbericht 4. Bericht der Kassenpr\u00fcfer 5. Entlastung des Vorstandes 6. Zuwahl eines\/einer Kassenpr\u00fcfers\/Kassenpr\u00fcferin 7. &hellip; <\/p>\n<p class=\"link-more\"><a href=\"https:\/\/tc-hofbieber.de\/index.php\/news\/\" class=\"more-link\">Mehr <span class=\"screen-reader-text\">\u00fcber &#8222;News&#8220; <\/span>Lesen<\/a><\/p>\n","protected":false},"author":1,"featured_media":1998,"parent":0,"menu_order":0,"comment_status":"closed","ping_status":"closed","template":"","meta":{"ngg_post_thumbnail":0,"inspiro_hide_title":false,"footnotes":""},"class_list":["post-2","page","type-page","status-publish","has-post-thumbnail","hentry"],"yoast_head":"<!-- This site is optimized with the Yoast SEO plugin v27.4 - https:\/\/yoast.com\/product\/yoast-seo-wordpress\/ -->\r\n<title>News - tc-hofbieber.de<\/title>\r\n<meta name=\"description\" content=\"Vereinsnachrichten TC-1990 Hofbieber &gt;&gt; In unseren Vereinsnachrichten halten wir Mitglieder, Freunde und Interessierte stets auf dem Laufenden. Hier finden Sie aktuelle Berichte zu Veranstaltungen, Trainings, Projekten und wichtigen Terminen. Wir informieren regelm\u00e4\u00dfig \u00fcber Entwicklungen im Verein, stellen besondere Leistungen unserer Mitglieder vor und geben Einblicke hinter die Kulissen. Schauen Sie vorbei und bleiben Sie immer bestens \u00fcber das Vereinsleben informiert!\" \/>\r\n<meta name=\"robots\" content=\"index, follow, max-snippet:-1, max-image-preview:large, max-video-preview:-1\" \/>\r\n<link rel=\"canonical\" href=\"https:\/\/tc-hofbieber.de\/index.php\/news\/\" \/>\r\n<meta property=\"og:locale\" content=\"de_DE\" \/>\r\n<meta property=\"og:type\" content=\"article\" \/>\r\n<meta property=\"og:title\" content=\"News - tc-hofbieber.de\" \/>\r\n<meta property=\"og:description\" content=\"Vereinsnachrichten TC-1990 Hofbieber &gt;&gt; In unseren Vereinsnachrichten halten wir Mitglieder, Freunde und Interessierte stets auf dem Laufenden. Hier finden Sie aktuelle Berichte zu Veranstaltungen, Trainings, Projekten und wichtigen Terminen. Wir informieren regelm\u00e4\u00dfig \u00fcber Entwicklungen im Verein, stellen besondere Leistungen unserer Mitglieder vor und geben Einblicke hinter die Kulissen. Schauen Sie vorbei und bleiben Sie immer bestens \u00fcber das Vereinsleben informiert!\" \/>\r\n<meta property=\"og:url\" content=\"https:\/\/tc-hofbieber.de\/index.php\/news\/\" \/>\r\n<meta property=\"og:site_name\" content=\"tc-hofbieber.de\" \/>\r\n<meta property=\"article:modified_time\" content=\"2026-04-19T19:31:30+00:00\" \/>\r\n<meta property=\"og:image\" content=\"https:\/\/tc-hofbieber.de\/wp-content\/uploads\/2025\/11\/tennisplatz_03.png\" \/>\r\n\t<meta property=\"og:image:width\" content=\"1763\" \/>\r\n\t<meta property=\"og:image:height\" content=\"942\" \/>\r\n\t<meta property=\"og:image:type\" content=\"image\/png\" \/>\r\n<meta name=\"twitter:card\" content=\"summary_large_image\" \/>\r\n<meta name=\"twitter:label1\" content=\"Gesch\u00e4tzte Lesezeit\" \/>\n\t<meta name=\"twitter:data1\" content=\"7\u00a0Minuten\" \/>\r\n<script type=\"application\/ld+json\" class=\"yoast-schema-graph\">{\"@context\":\"https:\\\/\\\/schema.org\",\"@graph\":[{\"@type\":\"WebPage\",\"@id\":\"https:\\\/\\\/tc-hofbieber.de\\\/index.php\\\/news\\\/\",\"url\":\"https:\\\/\\\/tc-hofbieber.de\\\/index.php\\\/news\\\/\",\"name\":\"News - tc-hofbieber.de\",\"isPartOf\":{\"@id\":\"https:\\\/\\\/tc-hofbieber.de\\\/#website\"},\"primaryImageOfPage\":{\"@id\":\"https:\\\/\\\/tc-hofbieber.de\\\/index.php\\\/news\\\/#primaryimage\"},\"image\":{\"@id\":\"https:\\\/\\\/tc-hofbieber.de\\\/index.php\\\/news\\\/#primaryimage\"},\"thumbnailUrl\":\"https:\\\/\\\/tc-hofbieber.de\\\/wp-content\\\/uploads\\\/2025\\\/11\\\/tennisplatz_03.png\",\"datePublished\":\"2012-05-02T07:58:29+00:00\",\"dateModified\":\"2026-04-19T19:31:30+00:00\",\"description\":\"Vereinsnachrichten TC-1990 Hofbieber >> In unseren Vereinsnachrichten halten wir Mitglieder, Freunde und Interessierte stets auf dem Laufenden. Hier finden Sie aktuelle Berichte zu Veranstaltungen, Trainings, Projekten und wichtigen Terminen. Wir informieren regelm\u00e4\u00dfig \u00fcber Entwicklungen im Verein, stellen besondere Leistungen unserer Mitglieder vor und geben Einblicke hinter die Kulissen. Schauen Sie vorbei und bleiben Sie immer bestens \u00fcber das Vereinsleben informiert!\",\"breadcrumb\":{\"@id\":\"https:\\\/\\\/tc-hofbieber.de\\\/index.php\\\/news\\\/#breadcrumb\"},\"inLanguage\":\"de\",\"potentialAction\":[{\"@type\":\"ReadAction\",\"target\":[\"https:\\\/\\\/tc-hofbieber.de\\\/index.php\\\/news\\\/\"]}]},{\"@type\":\"ImageObject\",\"inLanguage\":\"de\",\"@id\":\"https:\\\/\\\/tc-hofbieber.de\\\/index.php\\\/news\\\/#primaryimage\",\"url\":\"https:\\\/\\\/tc-hofbieber.de\\\/wp-content\\\/uploads\\\/2025\\\/11\\\/tennisplatz_03.png\",\"contentUrl\":\"https:\\\/\\\/tc-hofbieber.de\\\/wp-content\\\/uploads\\\/2025\\\/11\\\/tennisplatz_03.png\",\"width\":1763,\"height\":942},{\"@type\":\"BreadcrumbList\",\"@id\":\"https:\\\/\\\/tc-hofbieber.de\\\/index.php\\\/news\\\/#breadcrumb\",\"itemListElement\":[{\"@type\":\"ListItem\",\"position\":1,\"name\":\"Startseite\",\"item\":\"https:\\\/\\\/tc-hofbieber.de\\\/\"},{\"@type\":\"ListItem\",\"position\":2,\"name\":\"News\"}]},{\"@type\":\"WebSite\",\"@id\":\"https:\\\/\\\/tc-hofbieber.de\\\/#website\",\"url\":\"https:\\\/\\\/tc-hofbieber.de\\\/\",\"name\":\"tc-hofbieber.de\",\"description\":\"TC Hofbieber\",\"publisher\":{\"@id\":\"https:\\\/\\\/tc-hofbieber.de\\\/#organization\"},\"potentialAction\":[{\"@type\":\"SearchAction\",\"target\":{\"@type\":\"EntryPoint\",\"urlTemplate\":\"https:\\\/\\\/tc-hofbieber.de\\\/?s={search_term_string}\"},\"query-input\":{\"@type\":\"PropertyValueSpecification\",\"valueRequired\":true,\"valueName\":\"search_term_string\"}}],\"inLanguage\":\"de\"},{\"@type\":\"Organization\",\"@id\":\"https:\\\/\\\/tc-hofbieber.de\\\/#organization\",\"name\":\"tc-hofbieber.de\",\"url\":\"https:\\\/\\\/tc-hofbieber.de\\\/\",\"logo\":{\"@type\":\"ImageObject\",\"inLanguage\":\"de\",\"@id\":\"https:\\\/\\\/tc-hofbieber.de\\\/#\\\/schema\\\/logo\\\/image\\\/\",\"url\":\"https:\\\/\\\/tc-hofbieber.de\\\/wp-content\\\/uploads\\\/2025\\\/09\\\/cropped-Vereinswappen.png\",\"contentUrl\":\"https:\\\/\\\/tc-hofbieber.de\\\/wp-content\\\/uploads\\\/2025\\\/09\\\/cropped-Vereinswappen.png\",\"width\":714,\"height\":714,\"caption\":\"tc-hofbieber.de\"},\"image\":{\"@id\":\"https:\\\/\\\/tc-hofbieber.de\\\/#\\\/schema\\\/logo\\\/image\\\/\"}}]}<\/script>\r\n<!-- \/ Yoast SEO plugin. -->","yoast_head_json":{"title":"News - tc-hofbieber.de","description":"Vereinsnachrichten TC-1990 Hofbieber >> In unseren Vereinsnachrichten halten wir Mitglieder, Freunde und Interessierte stets auf dem Laufenden. Hier finden Sie aktuelle Berichte zu Veranstaltungen, Trainings, Projekten und wichtigen Terminen. Wir informieren regelm\u00e4\u00dfig \u00fcber Entwicklungen im Verein, stellen besondere Leistungen unserer Mitglieder vor und geben Einblicke hinter die Kulissen. Schauen Sie vorbei und bleiben Sie immer bestens \u00fcber das Vereinsleben informiert!","robots":{"index":"index","follow":"follow","max-snippet":"max-snippet:-1","max-image-preview":"max-image-preview:large","max-video-preview":"max-video-preview:-1"},"canonical":"https:\/\/tc-hofbieber.de\/index.php\/news\/","og_locale":"de_DE","og_type":"article","og_title":"News - tc-hofbieber.de","og_description":"Vereinsnachrichten TC-1990 Hofbieber >> In unseren Vereinsnachrichten halten wir Mitglieder, Freunde und Interessierte stets auf dem Laufenden. Hier finden Sie aktuelle Berichte zu Veranstaltungen, Trainings, Projekten und wichtigen Terminen. Wir informieren regelm\u00e4\u00dfig \u00fcber Entwicklungen im Verein, stellen besondere Leistungen unserer Mitglieder vor und geben Einblicke hinter die Kulissen. Schauen Sie vorbei und bleiben Sie immer bestens \u00fcber das Vereinsleben informiert!","og_url":"https:\/\/tc-hofbieber.de\/index.php\/news\/","og_site_name":"tc-hofbieber.de","article_modified_time":"2026-04-19T19:31:30+00:00","og_image":[{"width":1763,"height":942,"url":"https:\/\/tc-hofbieber.de\/wp-content\/uploads\/2025\/11\/tennisplatz_03.png","type":"image\/png"}],"twitter_card":"summary_large_image","twitter_misc":{"Gesch\u00e4tzte Lesezeit":"7\u00a0Minuten"},"schema":{"@context":"https:\/\/schema.org","@graph":[{"@type":"WebPage","@id":"https:\/\/tc-hofbieber.de\/index.php\/news\/","url":"https:\/\/tc-hofbieber.de\/index.php\/news\/","name":"News - tc-hofbieber.de","isPartOf":{"@id":"https:\/\/tc-hofbieber.de\/#website"},"primaryImageOfPage":{"@id":"https:\/\/tc-hofbieber.de\/index.php\/news\/#primaryimage"},"image":{"@id":"https:\/\/tc-hofbieber.de\/index.php\/news\/#primaryimage"},"thumbnailUrl":"https:\/\/tc-hofbieber.de\/wp-content\/uploads\/2025\/11\/tennisplatz_03.png","datePublished":"2012-05-02T07:58:29+00:00","dateModified":"2026-04-19T19:31:30+00:00","description":"Vereinsnachrichten TC-1990 Hofbieber >> In unseren Vereinsnachrichten halten wir Mitglieder, Freunde und Interessierte stets auf dem Laufenden. Hier finden Sie aktuelle Berichte zu Veranstaltungen, Trainings, Projekten und wichtigen Terminen. Wir informieren regelm\u00e4\u00dfig \u00fcber Entwicklungen im Verein, stellen besondere Leistungen unserer Mitglieder vor und geben Einblicke hinter die Kulissen. Schauen Sie vorbei und bleiben Sie immer bestens \u00fcber das Vereinsleben informiert!","breadcrumb":{"@id":"https:\/\/tc-hofbieber.de\/index.php\/news\/#breadcrumb"},"inLanguage":"de","potentialAction":[{"@type":"ReadAction","target":["https:\/\/tc-hofbieber.de\/index.php\/news\/"]}]},{"@type":"ImageObject","inLanguage":"de","@id":"https:\/\/tc-hofbieber.de\/index.php\/news\/#primaryimage","url":"https:\/\/tc-hofbieber.de\/wp-content\/uploads\/2025\/11\/tennisplatz_03.png","contentUrl":"https:\/\/tc-hofbieber.de\/wp-content\/uploads\/2025\/11\/tennisplatz_03.png","width":1763,"height":942},{"@type":"BreadcrumbList","@id":"https:\/\/tc-hofbieber.de\/index.php\/news\/#breadcrumb","itemListElement":[{"@type":"ListItem","position":1,"name":"Startseite","item":"https:\/\/tc-hofbieber.de\/"},{"@type":"ListItem","position":2,"name":"News"}]},{"@type":"WebSite","@id":"https:\/\/tc-hofbieber.de\/#website","url":"https:\/\/tc-hofbieber.de\/","name":"tc-hofbieber.de","description":"TC Hofbieber","publisher":{"@id":"https:\/\/tc-hofbieber.de\/#organization"},"potentialAction":[{"@type":"SearchAction","target":{"@type":"EntryPoint","urlTemplate":"https:\/\/tc-hofbieber.de\/?s={search_term_string}"},"query-input":{"@type":"PropertyValueSpecification","valueRequired":true,"valueName":"search_term_string"}}],"inLanguage":"de"},{"@type":"Organization","@id":"https:\/\/tc-hofbieber.de\/#organization","name":"tc-hofbieber.de","url":"https:\/\/tc-hofbieber.de\/","logo":{"@type":"ImageObject","inLanguage":"de","@id":"https:\/\/tc-hofbieber.de\/#\/schema\/logo\/image\/","url":"https:\/\/tc-hofbieber.de\/wp-content\/uploads\/2025\/09\/cropped-Vereinswappen.png","contentUrl":"https:\/\/tc-hofbieber.de\/wp-content\/uploads\/2025\/09\/cropped-Vereinswappen.png","width":714,"height":714,"caption":"tc-hofbieber.de"},"image":{"@id":"https:\/\/tc-hofbieber.de\/#\/schema\/logo\/image\/"}}]}},"_links":{"self":[{"href":"https:\/\/tc-hofbieber.de\/index.php\/wp-json\/wp\/v2\/pages\/2","targetHints":{"allow":["GET"]}}],"collection":[{"href":"https:\/\/tc-hofbieber.de\/index.php\/wp-json\/wp\/v2\/pages"}],"about":[{"href":"https:\/\/tc-hofbieber.de\/index.php\/wp-json\/wp\/v2\/types\/page"}],"author":[{"embeddable":true,"href":"https:\/\/tc-hofbieber.de\/index.php\/wp-json\/wp\/v2\/users\/1"}],"replies":[{"embeddable":true,"href":"https:\/\/tc-hofbieber.de\/index.php\/wp-json\/wp\/v2\/comments?post=2"}],"version-history":[{"count":9,"href":"https:\/\/tc-hofbieber.de\/index.php\/wp-json\/wp\/v2\/pages\/2\/revisions"}],"predecessor-version":[{"id":2255,"href":"https:\/\/tc-hofbieber.de\/index.php\/wp-json\/wp\/v2\/pages\/2\/revisions\/2255"}],"wp:featuredmedia":[{"embeddable":true,"href":"https:\/\/tc-hofbieber.de\/index.php\/wp-json\/wp\/v2\/media\/1998"}],"wp:attachment":[{"href":"https:\/\/tc-hofbieber.de\/index.php\/wp-json\/wp\/v2\/media?parent=2"}],"curies":[{"name":"wp","href":"https:\/\/api.w.org\/{rel}","templated":true}]}}