{"id":1685,"date":"2024-03-27T17:45:36","date_gmt":"2024-03-27T17:45:36","guid":{"rendered":"http:\/\/tc-hofbieber.de\/?page_id=1685"},"modified":"2025-09-28T15:31:47","modified_gmt":"2025-09-28T15:31:47","slug":"sommersaison-2025","status":"publish","type":"page","link":"https:\/\/tc-hofbieber.de\/index.php\/sommersaison-2025\/","title":{"rendered":"Sommersaison 2025"},"content":{"rendered":"\n<p>\u00a0<br>Im Jahr 2025 konnte der TC Hofbieber 5 Mannschaften f\u00fcr den Spielbetrieb melden<\/p>\n\n\n\n<p>N\u00e4heres dazu findet Ihr zu Beginn der Saison auf den einzelnen Mannschaftsseiten.<\/p>\n\n\n\n<p>Die Spielpl\u00e4ne der neuen Saison sind ab sofort hier abrufbar:<\/p>\n\n\n\n<p><\/p>\n\n\n\n<p><a href=\"https:\/\/tc-hofbieber.de\/wp-content\/uploads\/2025\/05\/SpielplanFreitag.pdf\">Freitag<\/a><\/p>\n\n\n\n<p><a href=\"https:\/\/tc-hofbieber.de\/wp-content\/uploads\/2025\/05\/SpielplanSamstag.pdf\">Samstag<\/a><\/p>\n\n\n\n<p><a href=\"https:\/\/tc-hofbieber.de\/wp-content\/uploads\/2025\/05\/SpielplanSonntag.pdf\">Sonntag<\/a><\/p>\n\n\n\n<p><a href=\"https:\/\/tc-hofbieber.de\/wp-content\/uploads\/2025\/05\/SpielplanGesamt.pdf\">Gesamt<\/a> <\/p>\n\n\n\n<p><\/p>\n\n\n\n<p><\/p>\n","protected":false},"excerpt":{"rendered":"<p>\u00a0Im Jahr 2025 konnte der TC Hofbieber 5 Mannschaften f\u00fcr den Spielbetrieb melden N\u00e4heres dazu findet Ihr zu Beginn der Saison auf den einzelnen Mannschaftsseiten. Die Spielpl\u00e4ne der neuen Saison sind ab sofort hier abrufbar: Freitag Samstag Sonntag Gesamt<\/p>\n","protected":false},"author":1,"featured_media":0,"parent":0,"menu_order":0,"comment_status":"closed","ping_status":"closed","template":"","meta":{"ngg_post_thumbnail":0,"footnotes":""},"class_list":["post-1685","page","type-page","status-publish","hentry"],"yoast_head":"<!-- This site is optimized with the Yoast SEO plugin v27.2 - https:\/\/yoast.com\/product\/yoast-seo-wordpress\/ -->\r\n<title>Sommersaison 2025 - tc-hofbieber.de<\/title>\r\n<meta name=\"robots\" content=\"index, follow, max-snippet:-1, max-image-preview:large, max-video-preview:-1\" \/>\r\n<link rel=\"canonical\" href=\"https:\/\/tc-hofbieber.de\/index.php\/sommersaison-2025\/\" \/>\r\n<meta property=\"og:locale\" content=\"de_DE\" \/>\r\n<meta property=\"og:type\" content=\"article\" \/>\r\n<meta property=\"og:title\" content=\"Sommersaison 2025 - tc-hofbieber.de\" \/>\r\n<meta property=\"og:description\" content=\"\u00a0Im Jahr 2025 konnte der TC Hofbieber 5 Mannschaften f\u00fcr den Spielbetrieb melden N\u00e4heres dazu findet Ihr zu Beginn der Saison auf den einzelnen Mannschaftsseiten. Die Spielpl\u00e4ne der neuen Saison sind ab sofort hier abrufbar: Freitag Samstag Sonntag Gesamt\" \/>\r\n<meta property=\"og:url\" content=\"https:\/\/tc-hofbieber.de\/index.php\/sommersaison-2025\/\" \/>\r\n<meta property=\"og:site_name\" content=\"tc-hofbieber.de\" \/>\r\n<meta property=\"article:modified_time\" content=\"2025-09-28T15:31:47+00:00\" \/>\r\n<meta name=\"twitter:card\" content=\"summary_large_image\" \/>\r\n<script type=\"application\/ld+json\" class=\"yoast-schema-graph\">{\"@context\":\"https:\/\/schema.org\",\"@graph\":[{\"@type\":\"WebPage\",\"@id\":\"https:\/\/tc-hofbieber.de\/index.php\/sommersaison-2025\/\",\"url\":\"https:\/\/tc-hofbieber.de\/index.php\/sommersaison-2025\/\",\"name\":\"Sommersaison 2025 - tc-hofbieber.de\",\"isPartOf\":{\"@id\":\"https:\/\/tc-hofbieber.de\/#website\"},\"datePublished\":\"2024-03-27T17:45:36+00:00\",\"dateModified\":\"2025-09-28T15:31:47+00:00\",\"breadcrumb\":{\"@id\":\"https:\/\/tc-hofbieber.de\/index.php\/sommersaison-2025\/#breadcrumb\"},\"inLanguage\":\"de\",\"potentialAction\":[{\"@type\":\"ReadAction\",\"target\":[\"https:\/\/tc-hofbieber.de\/index.php\/sommersaison-2025\/\"]}]},{\"@type\":\"BreadcrumbList\",\"@id\":\"https:\/\/tc-hofbieber.de\/index.php\/sommersaison-2025\/#breadcrumb\",\"itemListElement\":[{\"@type\":\"ListItem\",\"position\":1,\"name\":\"Startseite\",\"item\":\"https:\/\/tc-hofbieber.de\/\"},{\"@type\":\"ListItem\",\"position\":2,\"name\":\"Sommersaison 2025\"}]},{\"@type\":\"WebSite\",\"@id\":\"https:\/\/tc-hofbieber.de\/#website\",\"url\":\"https:\/\/tc-hofbieber.de\/\",\"name\":\"tc-hofbieber.de\",\"description\":\"TC Hofbieber\",\"publisher\":{\"@id\":\"https:\/\/tc-hofbieber.de\/#organization\"},\"potentialAction\":[{\"@type\":\"SearchAction\",\"target\":{\"@type\":\"EntryPoint\",\"urlTemplate\":\"https:\/\/tc-hofbieber.de\/?s={search_term_string}\"},\"query-input\":{\"@type\":\"PropertyValueSpecification\",\"valueRequired\":true,\"valueName\":\"search_term_string\"}}],\"inLanguage\":\"de\"},{\"@type\":\"Organization\",\"@id\":\"https:\/\/tc-hofbieber.de\/#organization\",\"name\":\"tc-hofbieber.de\",\"url\":\"https:\/\/tc-hofbieber.de\/\",\"logo\":{\"@type\":\"ImageObject\",\"inLanguage\":\"de\",\"@id\":\"https:\/\/tc-hofbieber.de\/#\/schema\/logo\/image\/\",\"url\":\"https:\/\/tc-hofbieber.de\/wp-content\/uploads\/2025\/09\/cropped-Vereinswappen.png\",\"contentUrl\":\"https:\/\/tc-hofbieber.de\/wp-content\/uploads\/2025\/09\/cropped-Vereinswappen.png\",\"width\":714,\"height\":714,\"caption\":\"tc-hofbieber.de\"},\"image\":{\"@id\":\"https:\/\/tc-hofbieber.de\/#\/schema\/logo\/image\/\"}}]}<\/script>\r\n<!-- \/ Yoast SEO plugin. -->","yoast_head_json":{"title":"Sommersaison 2025 - tc-hofbieber.de","robots":{"index":"index","follow":"follow","max-snippet":"max-snippet:-1","max-image-preview":"max-image-preview:large","max-video-preview":"max-video-preview:-1"},"canonical":"https:\/\/tc-hofbieber.de\/index.php\/sommersaison-2025\/","og_locale":"de_DE","og_type":"article","og_title":"Sommersaison 2025 - tc-hofbieber.de","og_description":"\u00a0Im Jahr 2025 konnte der TC Hofbieber 5 Mannschaften f\u00fcr den Spielbetrieb melden N\u00e4heres dazu findet Ihr zu Beginn der Saison auf den einzelnen Mannschaftsseiten. Die Spielpl\u00e4ne der neuen Saison sind ab sofort hier abrufbar: Freitag Samstag Sonntag Gesamt","og_url":"https:\/\/tc-hofbieber.de\/index.php\/sommersaison-2025\/","og_site_name":"tc-hofbieber.de","article_modified_time":"2025-09-28T15:31:47+00:00","twitter_card":"summary_large_image","schema":{"@context":"https:\/\/schema.org","@graph":[{"@type":"WebPage","@id":"https:\/\/tc-hofbieber.de\/index.php\/sommersaison-2025\/","url":"https:\/\/tc-hofbieber.de\/index.php\/sommersaison-2025\/","name":"Sommersaison 2025 - tc-hofbieber.de","isPartOf":{"@id":"https:\/\/tc-hofbieber.de\/#website"},"datePublished":"2024-03-27T17:45:36+00:00","dateModified":"2025-09-28T15:31:47+00:00","breadcrumb":{"@id":"https:\/\/tc-hofbieber.de\/index.php\/sommersaison-2025\/#breadcrumb"},"inLanguage":"de","potentialAction":[{"@type":"ReadAction","target":["https:\/\/tc-hofbieber.de\/index.php\/sommersaison-2025\/"]}]},{"@type":"BreadcrumbList","@id":"https:\/\/tc-hofbieber.de\/index.php\/sommersaison-2025\/#breadcrumb","itemListElement":[{"@type":"ListItem","position":1,"name":"Startseite","item":"https:\/\/tc-hofbieber.de\/"},{"@type":"ListItem","position":2,"name":"Sommersaison 2025"}]},{"@type":"WebSite","@id":"https:\/\/tc-hofbieber.de\/#website","url":"https:\/\/tc-hofbieber.de\/","name":"tc-hofbieber.de","description":"TC Hofbieber","publisher":{"@id":"https:\/\/tc-hofbieber.de\/#organization"},"potentialAction":[{"@type":"SearchAction","target":{"@type":"EntryPoint","urlTemplate":"https:\/\/tc-hofbieber.de\/?s={search_term_string}"},"query-input":{"@type":"PropertyValueSpecification","valueRequired":true,"valueName":"search_term_string"}}],"inLanguage":"de"},{"@type":"Organization","@id":"https:\/\/tc-hofbieber.de\/#organization","name":"tc-hofbieber.de","url":"https:\/\/tc-hofbieber.de\/","logo":{"@type":"ImageObject","inLanguage":"de","@id":"https:\/\/tc-hofbieber.de\/#\/schema\/logo\/image\/","url":"https:\/\/tc-hofbieber.de\/wp-content\/uploads\/2025\/09\/cropped-Vereinswappen.png","contentUrl":"https:\/\/tc-hofbieber.de\/wp-content\/uploads\/2025\/09\/cropped-Vereinswappen.png","width":714,"height":714,"caption":"tc-hofbieber.de"},"image":{"@id":"https:\/\/tc-hofbieber.de\/#\/schema\/logo\/image\/"}}]}},"_links":{"self":[{"href":"https:\/\/tc-hofbieber.de\/index.php\/wp-json\/wp\/v2\/pages\/1685","targetHints":{"allow":["GET"]}}],"collection":[{"href":"https:\/\/tc-hofbieber.de\/index.php\/wp-json\/wp\/v2\/pages"}],"about":[{"href":"https:\/\/tc-hofbieber.de\/index.php\/wp-json\/wp\/v2\/types\/page"}],"author":[{"embeddable":true,"href":"https:\/\/tc-hofbieber.de\/index.php\/wp-json\/wp\/v2\/users\/1"}],"replies":[{"embeddable":true,"href":"https:\/\/tc-hofbieber.de\/index.php\/wp-json\/wp\/v2\/comments?post=1685"}],"version-history":[{"count":0,"href":"https:\/\/tc-hofbieber.de\/index.php\/wp-json\/wp\/v2\/pages\/1685\/revisions"}],"wp:attachment":[{"href":"https:\/\/tc-hofbieber.de\/index.php\/wp-json\/wp\/v2\/media?parent=1685"}],"curies":[{"name":"wp","href":"https:\/\/api.w.org\/{rel}","templated":true}]}}